{"id":18949,"date":"2025-06-08T23:11:11","date_gmt":"2025-06-09T03:11:11","guid":{"rendered":"https:\/\/dbamericas.com\/?page_id=18949"},"modified":"2025-06-08T23:13:08","modified_gmt":"2025-06-09T03:13:08","slug":"accs-outdoor","status":"publish","type":"page","link":"https:\/\/dbamericas.com\/es\/international-products\/accs-outdoor\/","title":{"rendered":"Eagle Air Cooled Split System &#8211; ACCS (Outdoor)"},"content":{"rendered":"<div class=\"wpb-content-wrapper\"><div class=\"vc_row wpb_row vc_row-fluid vc_custom_1613119908906 vc_column-gap-24 vc-row-767765\" >\n\t<div class=\"container et-clearfix\">\n\t\t<div class=\"wpb_column vc_column_container vc_col-sm-6 text-align-none\" >\n\t<div class=\"vc_column-inner\" >\n\t\t<div class=\"wpb_wrapper\">\n\t\t\t\n\t<div  class=\"wpb_single_image wpb_content_element vc_align_left wpb_content_element\">\n\t\t\n\t\t<figure class=\"wpb_wrapper vc_figure\">\n\t\t\t<div class=\"vc_single_image-wrapper   vc_box_border_grey\"><img loading=\"lazy\" decoding=\"async\" width=\"800\" height=\"600\" src=\"https:\/\/dbamericas.com\/wp-content\/uploads\/2025\/06\/ACCS.jpg\" class=\"vc_single_image-img attachment-full\" alt=\"Eagle Air Cooled Split System &#8211; ACCS (Outdoor)\" title=\"Eagle Air Cooled Split System - ACCS (Outdoor)\" data-responsive-images=\"false\" \/><\/div>\n\t\t<\/figure>\n\t<\/div>\n\t\t<\/div>\n\t\t\t<\/div>\n<\/div><div class=\"wpb_column vc_column_container vc_col-sm-6 text-align-none\" >\n\t<div class=\"vc_column-inner\" >\n\t\t<div class=\"wpb_wrapper\">\n\t\t\t<h4 class=\"et-heading text-align-left tablet-text-align-inherit mobile-text-align-inherit animate-false no-animation-type\" id=\"et-heading-583132\" data-delay=\"0\" data-mobile-font=\"inherit\" data-mobile-line-height=\"inherit\" data-tablet-landscape-font=\"inherit\" data-tablet-portrait-font=\"inherit\" data-tablet-landscape-line-height=\"inherit\" data-tablet-portrait-line-height=\"inherit\" data-parallax=\"false\" data-move=\"false\" data-coordinatex=\"0\" data-coordinatey=\"0\" data-speed=\"10\"><span class=\"text-wrapper\"><span class=\"text\">Eagle Air Cooled Split System &#8211; ACCS (Outdoor)<\/span><\/span><\/h4>\n<div class=\"wpb_text_column wpb_content_element\"  data-animation-delay=\"0\">\n\t<div class=\"wpb_wrapper\">\n\t\t<p>Cooling Capacity: 56 to 1401 MBH (16 to 411 kW)<br \/>\nHeating Capacity: 57 to 1326 MBH (17 to 389 kW)<\/p>\n\t<\/div>\n<\/div>\n\n\n<div class=\"wpb_text_column wpb_content_element\"  data-animation-delay=\"0\">\n\t<div class=\"wpb_wrapper\">\n\t\t<p><strong>The ACCS Series features:<\/strong><\/p>\n<ul>\n<li>Reliable Scroll Compressor(s) with Low Power Consumption<\/li>\n<li>Class F Insulation Condenser Fan Motor (ACCS 125 &amp; above)<\/li>\n<li>Tandem Compressor (ACCS 640 &amp; above)<\/li>\n<li>Multiple Compressors (ACCS 220 &amp; above)<\/li>\n<li>Efficient Condenser Coil<\/li>\n<li>Fully Leak Tested Refrigerant Circuit<\/li>\n<li>Heavy Guage Galvanized Steel Casing<\/li>\n<li>ACCS Product Brochure, PDF Download (<a class=\"catalog\" href=\"\/wp-content\/uploads\/2018\/09\/ACCS_50-60Hz_R407C-R410A_MS0327D-0525_lo.pdf\" target=\"_blank\" rel=\"noopener\">Ingl\u00e9s<\/a> \/ <a class=\"catalog\" href=\"\/wp-content\/uploads\/2018\/09\/Catalogo-ACCS-R22-R407C_MS0327A-0415-en-Espanol.pdf\" target=\"_blank\" rel=\"noopener\">Espa\u00f1ol<\/a>)<\/li>\n<\/ul>\n\t<\/div>\n<\/div>\n\n\t\t<\/div>\n\t\t\t<\/div>\n<\/div>\t<\/div>\n\t\t<\/div>\n<\/div>","protected":false},"excerpt":{"rendered":"Eagle Air Cooled Split System - ACCS (Outdoor) Cooling Capacity: 56 to 1401 MBH (16 to 411 kW) Heating Capacity: 57 to 1326 MBH (17 to 389 kW) The ACCS Series features: Reliable Scroll Compressor(s) with Low Power Consumption Class F Insulation Condenser Fan Motor (ACCS 125 &amp; above) Tandem Compressor (ACCS 640 &amp; above) [...]","protected":false},"author":2,"featured_media":0,"parent":18001,"menu_order":0,"comment_status":"closed","ping_status":"closed","template":"page-vc.php","meta":{"footnotes":""},"class_list":["post-18949","page","type-page","status-publish","hentry"],"yoast_head":"<!-- This site is optimized with the Yoast SEO plugin v27.2 - https:\/\/yoast.com\/product\/yoast-seo-wordpress\/ -->\n<title>Eagle Air Cooled Split System - ACCS (Outdoor) - Dunham Bush USA<\/title>\n<meta name=\"robots\" content=\"index, follow, max-snippet:-1, max-image-preview:large, max-video-preview:-1\" \/>\n<link rel=\"canonical\" href=\"https:\/\/dbamericas.com\/es\/international-products\/accs-outdoor\/\" \/>\n<meta property=\"og:locale\" content=\"es_ES\" \/>\n<meta property=\"og:type\" content=\"article\" \/>\n<meta property=\"og:title\" content=\"Eagle Air Cooled Split System - ACCS (Outdoor) - Dunham Bush USA\" \/>\n<meta property=\"og:url\" content=\"https:\/\/dbamericas.com\/es\/international-products\/accs-outdoor\/\" \/>\n<meta property=\"og:site_name\" content=\"Dunham Bush USA\" \/>\n<meta property=\"article:modified_time\" content=\"2025-06-09T03:13:08+00:00\" \/>\n<meta name=\"twitter:card\" content=\"summary_large_image\" \/>\n<meta name=\"twitter:label1\" content=\"Est. reading time\" \/>\n\t<meta name=\"twitter:data1\" content=\"1 minuto\" \/>\n<script type=\"application\/ld+json\" class=\"yoast-schema-graph\">{\"@context\":\"https:\/\/schema.org\",\"@graph\":[{\"@type\":\"WebPage\",\"@id\":\"https:\/\/dbamericas.com\/international-products\/accs-outdoor\/\",\"url\":\"https:\/\/dbamericas.com\/international-products\/accs-outdoor\/\",\"name\":\"Eagle Air Cooled Split System - ACCS (Outdoor) - Dunham Bush USA\",\"isPartOf\":{\"@id\":\"https:\/\/dbamericas.com\/#website\"},\"datePublished\":\"2025-06-09T03:11:11+00:00\",\"dateModified\":\"2025-06-09T03:13:08+00:00\",\"breadcrumb\":{\"@id\":\"https:\/\/dbamericas.com\/international-products\/accs-outdoor\/#breadcrumb\"},\"inLanguage\":\"es\",\"potentialAction\":[{\"@type\":\"ReadAction\",\"target\":[\"https:\/\/dbamericas.com\/international-products\/accs-outdoor\/\"]}]},{\"@type\":\"BreadcrumbList\",\"@id\":\"https:\/\/dbamericas.com\/international-products\/accs-outdoor\/#breadcrumb\",\"itemListElement\":[{\"@type\":\"ListItem\",\"position\":1,\"name\":\"Home\",\"item\":\"https:\/\/dbamericas.com\/\"},{\"@type\":\"ListItem\",\"position\":2,\"name\":\"International Products\",\"item\":\"https:\/\/dbamericas.com\/international-products\/\"},{\"@type\":\"ListItem\",\"position\":3,\"name\":\"Eagle Air Cooled Split System &#8211; ACCS (Outdoor)\"}]},{\"@type\":\"WebSite\",\"@id\":\"https:\/\/dbamericas.com\/#website\",\"url\":\"https:\/\/dbamericas.com\/\",\"name\":\"Dunham Bush USA\",\"description\":\"Dunham-Bush is a pioneer in the air conditioning industry, with over 100 years manufacturing experience and over 85,000 successful installations with rotary screw compressor chillers around the world.\",\"potentialAction\":[{\"@type\":\"SearchAction\",\"target\":{\"@type\":\"EntryPoint\",\"urlTemplate\":\"https:\/\/dbamericas.com\/?s={search_term_string}\"},\"query-input\":{\"@type\":\"PropertyValueSpecification\",\"valueRequired\":true,\"valueName\":\"search_term_string\"}}],\"inLanguage\":\"es\"}]}<\/script>\n<!-- \/ Yoast SEO plugin. -->","yoast_head_json":{"title":"Eagle Air Cooled Split System - ACCS (Outdoor) - Dunham Bush USA","robots":{"index":"index","follow":"follow","max-snippet":"max-snippet:-1","max-image-preview":"max-image-preview:large","max-video-preview":"max-video-preview:-1"},"canonical":"https:\/\/dbamericas.com\/es\/international-products\/accs-outdoor\/","og_locale":"es_ES","og_type":"article","og_title":"Eagle Air Cooled Split System - ACCS (Outdoor) - Dunham Bush USA","og_url":"https:\/\/dbamericas.com\/es\/international-products\/accs-outdoor\/","og_site_name":"Dunham Bush USA","article_modified_time":"2025-06-09T03:13:08+00:00","twitter_card":"summary_large_image","twitter_misc":{"Est. reading time":"1 minuto"},"schema":{"@context":"https:\/\/schema.org","@graph":[{"@type":"WebPage","@id":"https:\/\/dbamericas.com\/international-products\/accs-outdoor\/","url":"https:\/\/dbamericas.com\/international-products\/accs-outdoor\/","name":"Eagle Air Cooled Split System - ACCS (Outdoor) - Dunham Bush USA","isPartOf":{"@id":"https:\/\/dbamericas.com\/#website"},"datePublished":"2025-06-09T03:11:11+00:00","dateModified":"2025-06-09T03:13:08+00:00","breadcrumb":{"@id":"https:\/\/dbamericas.com\/international-products\/accs-outdoor\/#breadcrumb"},"inLanguage":"es","potentialAction":[{"@type":"ReadAction","target":["https:\/\/dbamericas.com\/international-products\/accs-outdoor\/"]}]},{"@type":"BreadcrumbList","@id":"https:\/\/dbamericas.com\/international-products\/accs-outdoor\/#breadcrumb","itemListElement":[{"@type":"ListItem","position":1,"name":"Home","item":"https:\/\/dbamericas.com\/"},{"@type":"ListItem","position":2,"name":"International Products","item":"https:\/\/dbamericas.com\/international-products\/"},{"@type":"ListItem","position":3,"name":"Eagle Air Cooled Split System &#8211; ACCS (Outdoor)"}]},{"@type":"WebSite","@id":"https:\/\/dbamericas.com\/#website","url":"https:\/\/dbamericas.com\/","name":"Dunham Bush EE. UU.","description":"Dunham-Bush es un pionero en la industria de la climatizaci\u00f3n, con m\u00e1s de 100 a\u00f1os de experiencia en fabricaci\u00f3n y m\u00e1s de 85.000 instalaciones exitosas con enfriadoras centr\u00edfugas de tornillo en todo el mundo.","potentialAction":[{"@type":"SearchAction","target":{"@type":"EntryPoint","urlTemplate":"https:\/\/dbamericas.com\/?s={search_term_string}"},"query-input":{"@type":"PropertyValueSpecification","valueRequired":true,"valueName":"search_term_string"}}],"inLanguage":"es"}]}},"_links":{"self":[{"href":"https:\/\/dbamericas.com\/es\/wp-json\/wp\/v2\/pages\/18949","targetHints":{"allow":["GET"]}}],"collection":[{"href":"https:\/\/dbamericas.com\/es\/wp-json\/wp\/v2\/pages"}],"about":[{"href":"https:\/\/dbamericas.com\/es\/wp-json\/wp\/v2\/types\/page"}],"author":[{"embeddable":true,"href":"https:\/\/dbamericas.com\/es\/wp-json\/wp\/v2\/users\/2"}],"replies":[{"embeddable":true,"href":"https:\/\/dbamericas.com\/es\/wp-json\/wp\/v2\/comments?post=18949"}],"version-history":[{"count":3,"href":"https:\/\/dbamericas.com\/es\/wp-json\/wp\/v2\/pages\/18949\/revisions"}],"predecessor-version":[{"id":18954,"href":"https:\/\/dbamericas.com\/es\/wp-json\/wp\/v2\/pages\/18949\/revisions\/18954"}],"up":[{"embeddable":true,"href":"https:\/\/dbamericas.com\/es\/wp-json\/wp\/v2\/pages\/18001"}],"wp:attachment":[{"href":"https:\/\/dbamericas.com\/es\/wp-json\/wp\/v2\/media?parent=18949"}],"curies":[{"name":"wp","href":"https:\/\/api.w.org\/{rel}","templated":true}]}}