{"id":18751,"date":"2025-01-24T23:27:34","date_gmt":"2025-01-25T04:27:34","guid":{"rendered":"https:\/\/dbamericas.com\/?page_id=18751"},"modified":"2026-04-09T16:42:56","modified_gmt":"2026-04-09T20:42:56","slug":"products-in-stock","status":"publish","type":"page","link":"https:\/\/dbamericas.com\/es\/products-in-stock\/","title":{"rendered":"Productos en Stock"},"content":{"rendered":"<div class=\"wpb-content-wrapper\"><div class=\"vc_row wpb_row vc_row-fluid vc_column-gap-16 vc_row-o-equal-height vc_row-flex\" >\n\t<div class=\"container et-clearfix\">\n\t\t<div class=\"wpb_column vc_column_container vc_col-sm-1\/5 text-align-none vc-column-572829\" >\n\t<div class=\"vc_column-inner\" >\n\t\t<div class=\"wpb_wrapper\">\n\t\t\t\n<div class=\"wpb_text_column wpb_content_element  wpb_animate_when_almost_visible wpb_bounceIn bounceIn vc_custom_1737782642687\"  data-animation-delay=\"300\">\n\t<div class=\"wpb_wrapper\">\n\t\t<p class=\"p1\" style=\"text-align: center; color: #fff; font-size: 24px;\"><strong>Modelo<\/strong><\/p>\n\t<\/div>\n<\/div>\n\n\t\t<\/div>\n\t\t\t<\/div>\n<\/div><div class=\"wpb_column vc_column_container vc_col-sm-1\/5 text-align-none\" >\n\t<div class=\"vc_column-inner\" >\n\t\t<div class=\"wpb_wrapper\">\n\t\t\t\n<div class=\"wpb_text_column wpb_content_element  wpb_animate_when_almost_visible wpb_bounceIn bounceIn vc_custom_1737782648912\"  data-animation-delay=\"300\">\n\t<div class=\"wpb_wrapper\">\n\t\t<p class=\"p1\" style=\"text-align: center; color: #fff; font-size: 24px;\"><strong>Voltaje<\/strong><\/p>\n\t<\/div>\n<\/div>\n\n\t\t<\/div>\n\t\t\t<\/div>\n<\/div><div class=\"wpb_column vc_column_container vc_col-sm-1\/5 text-align-none\" >\n\t<div class=\"vc_column-inner\" >\n\t\t<div class=\"wpb_wrapper\">\n\t\t\t\n<div class=\"wpb_text_column wpb_content_element  wpb_animate_when_almost_visible wpb_bounceIn bounceIn vc_custom_1737782655381\"  data-animation-delay=\"300\">\n\t<div class=\"wpb_wrapper\">\n\t\t<p class=\"p1\" style=\"text-align: center; color: #fff; font-size: 24px;\"><strong>Refrigerante<\/strong><\/p>\n\t<\/div>\n<\/div>\n\n\t\t<\/div>\n\t\t\t<\/div>\n<\/div><div class=\"wpb_column vc_column_container vc_col-sm-1\/5 text-align-none\" >\n\t<div class=\"vc_column-inner\" >\n\t\t<div class=\"wpb_wrapper\">\n\t\t\t\n<div class=\"wpb_text_column wpb_content_element  wpb_animate_when_almost_visible wpb_bounceIn bounceIn vc_custom_1738775804521\"  data-animation-delay=\"300\">\n\t<div class=\"wpb_wrapper\">\n\t\t<p class=\"p1\" style=\"text-align: center; color: #fff; font-size: 20px;\"><strong>Cantidad en existencias<\/strong><\/p>\n\t<\/div>\n<\/div>\n\n\t\t<\/div>\n\t\t\t<\/div>\n<\/div><div class=\"wpb_column vc_column_container vc_col-sm-1\/5 text-align-none\" >\n\t<div class=\"vc_column-inner\" >\n\t\t<div class=\"wpb_wrapper\">\n\t\t\t\n<div class=\"wpb_text_column wpb_content_element  wpb_animate_when_almost_visible wpb_bounceIn bounceIn vc_custom_1738775435983\"  data-animation-delay=\"300\">\n\t<div class=\"wpb_wrapper\">\n\t\t<p class=\"p1\" style=\"text-align: center; color: #fff; font-size: 24px;\"><strong>Env\u00edos<\/strong><\/p>\n\t<\/div>\n<\/div>\n\n\t\t<\/div>\n\t\t\t<\/div>\n<\/div>\t<\/div>\n\t\t<\/div><div class=\"vc_row wpb_row vc_row-fluid vc_custom_1737777172341 vc_column-gap-16 vc_row-o-equal-height vc_row-flex\" >\n\t<div class=\"container et-clearfix\">\n\t\t<div class=\"wpb_column vc_column_container vc_col-sm-1\/5 text-align-none vc-column-572829\" >\n\t<div class=\"vc_column-inner\" >\n\t\t<div class=\"wpb_wrapper\">\n\t\t\t\t\t<\/div>\n\t\t\t<\/div>\n<\/div><div class=\"wpb_column vc_column_container vc_col-sm-1\/5 text-align-none\" >\n\t<div class=\"vc_column-inner\" >\n\t\t<div class=\"wpb_wrapper\">\n\t\t\t\t\t<\/div>\n\t\t\t<\/div>\n<\/div><div class=\"wpb_column vc_column_container vc_col-sm-1\/5 text-align-none\" >\n\t<div class=\"vc_column-inner\" >\n\t\t<div class=\"wpb_wrapper\">\n\t\t\t\n<div class=\"wpb_text_column wpb_content_element  wpb_animate_when_almost_visible wpb_bounceIn bounceIn vc_custom_1775767357148\"  data-animation-delay=\"300\">\n\t<div class=\"wpb_wrapper\">\n\t\t<p class=\"p1\" style=\"text-align: center; color: #fff; font-size: 24px;\"><strong>No hay unidades en existencias actualmente<\/strong><\/p>\n\t<\/div>\n<\/div>\n\n\t\t<\/div>\n\t\t\t<\/div>\n<\/div><div class=\"wpb_column vc_column_container vc_col-sm-1\/5 text-align-none\" >\n\t<div class=\"vc_column-inner\" >\n\t\t<div class=\"wpb_wrapper\">\n\t\t\t\t\t<\/div>\n\t\t\t<\/div>\n<\/div><div class=\"wpb_column vc_column_container vc_col-sm-1\/5 text-align-none\" >\n\t<div class=\"vc_column-inner\" >\n\t\t<div class=\"wpb_wrapper\">\n\t\t\t\t\t<\/div>\n\t\t\t<\/div>\n<\/div>\t<\/div>\n\t\t<\/div><div class=\"vc_row wpb_row vc_row-fluid vc_custom_1737779902234 vc_column-gap-24\" >\n\t<div class=\"container et-clearfix\">\n\t\t<div class=\"wpb_column vc_column_container vc_col-sm-6 text-align-none vc-column-662828\" >\n\t<div class=\"vc_column-inner vc_custom_1737779665084\" >\n\t\t<div class=\"wpb_wrapper\">\n\t\t\t\n<div class=\"wpb_text_column wpb_content_element  extra_content\"  data-animation-delay=\"0\">\n\t<div class=\"wpb_wrapper\">\n\t\t<ul style=\"list-style: none; margin: 0;\">\n<li><strong><u>OPCIONES<\/u><\/strong><\/li>\n<li><strong>HGBP:<\/strong> Bypass de gas caliente para operaci\u00f3n a baja carga Auto<\/li>\n<li>Plomo Retraso.Se<\/li>\n<li><strong>Amor<\/strong> Rejilla protectora de alambre del condensador protector superior.<\/li>\n<li><strong>DBD:<\/strong> Director de BD<\/li>\n<li><strong>DSIV:<\/strong> V\u00e1lvula de aislamiento de descarga del compresor.<\/li>\n<li><strong>LAL:<\/strong> Bloqueo por baja temperatura ambiente<\/li>\n<li><strong>UVR:<\/strong> Arriba\/Abajo\/Fase (Est\u00e1ndar)<\/li>\n<\/ul>\n\t<\/div>\n<\/div>\n\n\t\t<\/div>\n\t\t\t<\/div>\n<\/div><div class=\"wpb_column vc_column_container vc_col-sm-6 text-align-none\" >\n\t<div class=\"vc_column-inner\" >\n\t\t<div class=\"wpb_wrapper\">\n\t\t\t\n\t<div  class=\"wpb_single_image wpb_content_element vc_align_right wpb_content_element\">\n\t\t\n\t\t<figure class=\"wpb_wrapper vc_figure\">\n\t\t\t<div class=\"vc_single_image-wrapper   vc_box_border_grey\"><img loading=\"lazy\" decoding=\"async\" width=\"150\" height=\"150\" src=\"https:\/\/dbamericas.com\/wp-content\/uploads\/2021\/02\/AVX-A-Series-\u2013-Achelous-Air-Cooled-Screw-Chiller-150x150.jpg\" class=\"vc_single_image-img attachment-thumbnail\" alt=\"Products in Stock\" title=\"AVX-Serie-A \u2013 Enfriadora de tornillo refrigerada por aire Achelous\" data-responsive-images=\"false\" \/><\/div>\n\t\t<\/figure>\n\t<\/div>\n\n<div class=\"wpb_text_column wpb_content_element  extra_content\"  data-animation-delay=\"0\">\n\t<div class=\"wpb_wrapper\">\n\t\t<ul style=\"list-style: none; margin: 0;\">\n<li><strong><u>ELEMENTOS ADICIONALES ENVIADOS SUELTOS<\/u><\/strong><\/li>\n<li><strong>RIS:<\/strong>Aislador de goma en cizallamiento<\/li>\n<li><strong>WFS4:<\/strong> Instalaci\u00f3n en campo (NEMA: 4 m\u00edn. fluido y ambiente -40F\/40C) (uso interior y exterior).<\/li>\n<\/ul>\n\t<\/div>\n<\/div>\n\n\t\t<\/div>\n\t\t\t<\/div>\n<\/div>\t<\/div>\n\t\t<\/div>\n<\/div>","protected":false},"excerpt":{"rendered":"Model Voltage Refrigerant Quantity on Hand Submittals No Units Currently in Stock OPTIONS HGBP: Hot Gas bypass for low load operation Auto Lead Lag.Se LUV: Protective grille condenser wire fin guard top. DBD: DB Director DSIV: Compressor Discharge Isolation Valve. LAL: Low Ambient Lockout UVR: Over\/ Under\/ Phase (Standard) ADDITIONAL SHIPPED LOOSE ITEMS RIS:Rubber In [...]","protected":false},"author":2,"featured_media":0,"parent":0,"menu_order":0,"comment_status":"closed","ping_status":"closed","template":"","meta":{"footnotes":""},"class_list":["post-18751","page","type-page","status-publish","hentry"],"yoast_head":"<!-- This site is optimized with the Yoast SEO plugin v27.5 - https:\/\/yoast.com\/product\/yoast-seo-wordpress\/ -->\n<title>Products in Stock - Dunham Bush USA<\/title>\n<meta name=\"robots\" content=\"index, follow, max-snippet:-1, max-image-preview:large, max-video-preview:-1\" \/>\n<link rel=\"canonical\" href=\"https:\/\/dbamericas.com\/es\/products-in-stock\/\" \/>\n<meta property=\"og:locale\" content=\"es_ES\" \/>\n<meta property=\"og:type\" content=\"article\" \/>\n<meta property=\"og:title\" content=\"Products in Stock - Dunham Bush USA\" \/>\n<meta property=\"og:url\" content=\"https:\/\/dbamericas.com\/es\/products-in-stock\/\" \/>\n<meta property=\"og:site_name\" content=\"Dunham Bush USA\" \/>\n<meta property=\"article:modified_time\" content=\"2026-04-09T20:42:56+00:00\" \/>\n<meta name=\"twitter:card\" content=\"summary_large_image\" \/>\n<meta name=\"twitter:label1\" content=\"Tiempo de lectura\" \/>\n\t<meta name=\"twitter:data1\" content=\"2 minutos\" \/>\n<script type=\"application\/ld+json\" class=\"yoast-schema-graph\">{\"@context\":\"https:\\\/\\\/schema.org\",\"@graph\":[{\"@type\":\"WebPage\",\"@id\":\"https:\\\/\\\/dbamericas.com\\\/products-in-stock\\\/\",\"url\":\"https:\\\/\\\/dbamericas.com\\\/products-in-stock\\\/\",\"name\":\"Products in Stock - Dunham Bush USA\",\"isPartOf\":{\"@id\":\"https:\\\/\\\/dbamericas.com\\\/#website\"},\"datePublished\":\"2025-01-25T04:27:34+00:00\",\"dateModified\":\"2026-04-09T20:42:56+00:00\",\"breadcrumb\":{\"@id\":\"https:\\\/\\\/dbamericas.com\\\/products-in-stock\\\/#breadcrumb\"},\"inLanguage\":\"es\",\"potentialAction\":[{\"@type\":\"ReadAction\",\"target\":[\"https:\\\/\\\/dbamericas.com\\\/products-in-stock\\\/\"]}]},{\"@type\":\"BreadcrumbList\",\"@id\":\"https:\\\/\\\/dbamericas.com\\\/products-in-stock\\\/#breadcrumb\",\"itemListElement\":[{\"@type\":\"ListItem\",\"position\":1,\"name\":\"Home\",\"item\":\"https:\\\/\\\/dbamericas.com\\\/\"},{\"@type\":\"ListItem\",\"position\":2,\"name\":\"Products in Stock\"}]},{\"@type\":\"WebSite\",\"@id\":\"https:\\\/\\\/dbamericas.com\\\/#website\",\"url\":\"https:\\\/\\\/dbamericas.com\\\/\",\"name\":\"Dunham Bush USA\",\"description\":\"Dunham-Bush is a pioneer in the air conditioning industry, with over 100 years manufacturing experience and over 85,000 successful installations with rotary screw compressor chillers around the world.\",\"potentialAction\":[{\"@type\":\"SearchAction\",\"target\":{\"@type\":\"EntryPoint\",\"urlTemplate\":\"https:\\\/\\\/dbamericas.com\\\/?s={search_term_string}\"},\"query-input\":{\"@type\":\"PropertyValueSpecification\",\"valueRequired\":true,\"valueName\":\"search_term_string\"}}],\"inLanguage\":\"es\"}]}<\/script>\n<!-- \/ Yoast SEO plugin. -->","yoast_head_json":{"title":"Products in Stock - Dunham Bush USA","robots":{"index":"index","follow":"follow","max-snippet":"max-snippet:-1","max-image-preview":"max-image-preview:large","max-video-preview":"max-video-preview:-1"},"canonical":"https:\/\/dbamericas.com\/es\/products-in-stock\/","og_locale":"es_ES","og_type":"article","og_title":"Products in Stock - Dunham Bush USA","og_url":"https:\/\/dbamericas.com\/es\/products-in-stock\/","og_site_name":"Dunham Bush USA","article_modified_time":"2026-04-09T20:42:56+00:00","twitter_card":"summary_large_image","twitter_misc":{"Tiempo de lectura":"2 minutos"},"schema":{"@context":"https:\/\/schema.org","@graph":[{"@type":"WebPage","@id":"https:\/\/dbamericas.com\/products-in-stock\/","url":"https:\/\/dbamericas.com\/products-in-stock\/","name":"Products in Stock - Dunham Bush USA","isPartOf":{"@id":"https:\/\/dbamericas.com\/#website"},"datePublished":"2025-01-25T04:27:34+00:00","dateModified":"2026-04-09T20:42:56+00:00","breadcrumb":{"@id":"https:\/\/dbamericas.com\/products-in-stock\/#breadcrumb"},"inLanguage":"es","potentialAction":[{"@type":"ReadAction","target":["https:\/\/dbamericas.com\/products-in-stock\/"]}]},{"@type":"BreadcrumbList","@id":"https:\/\/dbamericas.com\/products-in-stock\/#breadcrumb","itemListElement":[{"@type":"ListItem","position":1,"name":"Home","item":"https:\/\/dbamericas.com\/"},{"@type":"ListItem","position":2,"name":"Products in Stock"}]},{"@type":"WebSite","@id":"https:\/\/dbamericas.com\/#website","url":"https:\/\/dbamericas.com\/","name":"Dunham Bush EE. UU.","description":"Dunham-Bush es un pionero en la industria de la climatizaci\u00f3n, con m\u00e1s de 100 a\u00f1os de experiencia en fabricaci\u00f3n y m\u00e1s de 85.000 instalaciones exitosas con enfriadoras centr\u00edfugas de tornillo en todo el mundo.","potentialAction":[{"@type":"SearchAction","target":{"@type":"EntryPoint","urlTemplate":"https:\/\/dbamericas.com\/?s={search_term_string}"},"query-input":{"@type":"PropertyValueSpecification","valueRequired":true,"valueName":"search_term_string"}}],"inLanguage":"es"}]}},"_links":{"self":[{"href":"https:\/\/dbamericas.com\/es\/wp-json\/wp\/v2\/pages\/18751","targetHints":{"allow":["GET"]}}],"collection":[{"href":"https:\/\/dbamericas.com\/es\/wp-json\/wp\/v2\/pages"}],"about":[{"href":"https:\/\/dbamericas.com\/es\/wp-json\/wp\/v2\/types\/page"}],"author":[{"embeddable":true,"href":"https:\/\/dbamericas.com\/es\/wp-json\/wp\/v2\/users\/2"}],"replies":[{"embeddable":true,"href":"https:\/\/dbamericas.com\/es\/wp-json\/wp\/v2\/comments?post=18751"}],"version-history":[{"count":103,"href":"https:\/\/dbamericas.com\/es\/wp-json\/wp\/v2\/pages\/18751\/revisions"}],"predecessor-version":[{"id":19043,"href":"https:\/\/dbamericas.com\/es\/wp-json\/wp\/v2\/pages\/18751\/revisions\/19043"}],"wp:attachment":[{"href":"https:\/\/dbamericas.com\/es\/wp-json\/wp\/v2\/media?parent=18751"}],"curies":[{"name":"wp","href":"https:\/\/api.w.org\/{rel}","templated":true}]}}