{"id":18533,"date":"2021-04-07T01:42:36","date_gmt":"2021-04-07T05:42:36","guid":{"rendered":"https:\/\/www.dunhambushusa.com\/?page_id=18533"},"modified":"2025-03-17T12:10:52","modified_gmt":"2025-03-17T16:10:52","slug":"achx","status":"publish","type":"page","link":"https:\/\/dbamericas.com\/es\/us-products\/achx\/","title":{"rendered":"ACHX"},"content":{"rendered":"<div class=\"wpb-content-wrapper\"><div class=\"vc_row wpb_row vc_row-fluid vc_custom_1613119908906 vc_column-gap-24 vc-row-767765\" >\n\t<div class=\"container et-clearfix\">\n\t\t<div class=\"wpb_column vc_column_container vc_col-sm-6 text-align-none\" >\n\t<div class=\"vc_column-inner\" >\n\t\t<div class=\"wpb_wrapper\">\n\t\t\t\n\t<div  class=\"wpb_single_image wpb_content_element vc_align_left wpb_content_element\">\n\t\t\n\t\t<figure class=\"wpb_wrapper vc_figure\">\n\t\t\t<div class=\"vc_single_image-wrapper   vc_box_border_grey\"><img loading=\"lazy\" decoding=\"async\" width=\"800\" height=\"600\" src=\"https:\/\/dbamericas.com\/wp-content\/uploads\/2021\/02\/ACHX-D_lo-bg.png\" class=\"vc_single_image-img attachment-full\" alt=\"ACHX\" title=\"ACHX-D_lo-bg\" data-responsive-images=\"false\" \/><\/div>\n\t\t<\/figure>\n\t<\/div>\n\t\t<\/div>\n\t\t\t<\/div>\n<\/div><div class=\"wpb_column vc_column_container vc_col-sm-6 text-align-none\" >\n\t<div class=\"vc_column-inner\" >\n\t\t<div class=\"wpb_wrapper\">\n\t\t\t<h4 class=\"et-heading text-align-left tablet-text-align-inherit mobile-text-align-inherit animate-false no-animation-type\" id=\"et-heading-897788\" data-delay=\"0\" data-mobile-font=\"inherit\" data-mobile-line-height=\"inherit\" data-tablet-landscape-font=\"inherit\" data-tablet-portrait-font=\"inherit\" data-tablet-landscape-line-height=\"inherit\" data-tablet-portrait-line-height=\"inherit\" data-parallax=\"false\" data-move=\"false\" data-coordinatex=\"0\" data-coordinatey=\"0\" data-speed=\"10\"><span class=\"text-wrapper\"><span class=\"text\">ACHX-D \u2013 Refrigerador Centrifugo de Tornillo Enfriado por Aire (Refrigerador HFO)<\/span><\/span><\/h4>\n<div class=\"wpb_text_column wpb_content_element\"  data-animation-delay=\"0\">\n\t<div class=\"wpb_wrapper\">\n\t\t<p>Capacidad de enfriamiento de 93 TR a 298 TR (329kW a 875kW)<\/p>\n\t<\/div>\n<\/div>\n\n\n<div class=\"wpb_text_column wpb_content_element\"  data-animation-delay=\"0\">\n\t<div class=\"wpb_wrapper\">\n\t\t<p><strong>El ACHX-D presenta:<\/strong><\/p>\n<ul>\n<li>Compresor de tornillo horizontal de alta eficiencia<\/li>\n<li>Controlador Microprocesador Avanzado<\/li>\n<li>Compresores gemelos con circuitos independientes<\/li>\n<li>Serpent\u00edn condensador de microcanales de aluminio<\/li>\n<li>Certificado por AHRI y cumple con el est\u00e1ndar ASHRAE 90.1<\/li>\n<li>HFO-R513A<\/li>\n<li><a class=\"catalog\" href=\"\/wp-content\/uploads\/2018\/09\/ACHX-D_R134a_60Hz_MS04113A-0225_lo.pdf\" target=\"_blank\" rel=\"noopener\">ACHX-D Product Brochure<\/a> (PDF)<\/li>\n<li><a class=\"catalog\" href=\"\/wp-content\/uploads\/2018\/09\/ACHX-EVE-Brochure-2-pages.pdf\" target=\"_blank\" rel=\"noopener\">ACHX\u2013EVE Product Brochure<\/a> (PDF)<\/li>\n<\/ul>\n\t<\/div>\n<\/div>\n\n\t\t<\/div>\n\t\t\t<\/div>\n<\/div>\t<\/div>\n\t\t<\/div>\n<\/div>","protected":false},"excerpt":{"rendered":"ACHX-D \u2013 Helios Air Cooled Screw Chiller (HFO Chiller) Cooling Capacity from 93 RT to 298 RT (329kW to 875kW) The ACHX-D features: High Efficiency Horizontal Screw Compressor Advanced Microprocessor Controller Twin Compressors with Independent Circuits Aluminum Micro-Channel Condenser coil AHRI Certified and meets ASHRAE 90.1 standard HFO-R513A ACHX-D Product Brochure (PDF) ACHX\u2013EVE Product Brochure [...]","protected":false},"author":2,"featured_media":0,"parent":17999,"menu_order":0,"comment_status":"closed","ping_status":"closed","template":"page-vc.php","meta":{"footnotes":""},"class_list":["post-18533","page","type-page","status-publish","hentry"],"yoast_head":"<!-- This site is optimized with the Yoast SEO plugin v27.2 - https:\/\/yoast.com\/product\/yoast-seo-wordpress\/ -->\n<title>ACHX - Dunham Bush USA<\/title>\n<meta name=\"robots\" content=\"index, follow, max-snippet:-1, max-image-preview:large, max-video-preview:-1\" \/>\n<link rel=\"canonical\" href=\"https:\/\/dbamericas.com\/es\/us-products\/achx\/\" \/>\n<meta property=\"og:locale\" content=\"es_ES\" \/>\n<meta property=\"og:type\" content=\"article\" \/>\n<meta property=\"og:title\" content=\"ACHX - Dunham Bush USA\" \/>\n<meta property=\"og:url\" content=\"https:\/\/dbamericas.com\/es\/us-products\/achx\/\" \/>\n<meta property=\"og:site_name\" content=\"Dunham Bush USA\" \/>\n<meta property=\"article:modified_time\" content=\"2025-03-17T16:10:52+00:00\" \/>\n<meta name=\"twitter:card\" content=\"summary_large_image\" \/>\n<meta name=\"twitter:label1\" content=\"Est. reading time\" \/>\n\t<meta name=\"twitter:data1\" content=\"1 minuto\" \/>\n<script type=\"application\/ld+json\" class=\"yoast-schema-graph\">{\"@context\":\"https:\/\/schema.org\",\"@graph\":[{\"@type\":\"WebPage\",\"@id\":\"https:\/\/dbamericas.com\/us-products\/achx\/\",\"url\":\"https:\/\/dbamericas.com\/us-products\/achx\/\",\"name\":\"ACHX - Dunham Bush USA\",\"isPartOf\":{\"@id\":\"https:\/\/dbamericas.com\/#website\"},\"datePublished\":\"2021-04-07T05:42:36+00:00\",\"dateModified\":\"2025-03-17T16:10:52+00:00\",\"breadcrumb\":{\"@id\":\"https:\/\/dbamericas.com\/us-products\/achx\/#breadcrumb\"},\"inLanguage\":\"es\",\"potentialAction\":[{\"@type\":\"ReadAction\",\"target\":[\"https:\/\/dbamericas.com\/us-products\/achx\/\"]}]},{\"@type\":\"BreadcrumbList\",\"@id\":\"https:\/\/dbamericas.com\/us-products\/achx\/#breadcrumb\",\"itemListElement\":[{\"@type\":\"ListItem\",\"position\":1,\"name\":\"Home\",\"item\":\"https:\/\/dbamericas.com\/\"},{\"@type\":\"ListItem\",\"position\":2,\"name\":\"U.S. Products\",\"item\":\"https:\/\/dbamericas.com\/us-products\/\"},{\"@type\":\"ListItem\",\"position\":3,\"name\":\"ACHX\"}]},{\"@type\":\"WebSite\",\"@id\":\"https:\/\/dbamericas.com\/#website\",\"url\":\"https:\/\/dbamericas.com\/\",\"name\":\"Dunham Bush USA\",\"description\":\"Dunham-Bush is a pioneer in the air conditioning industry, with over 100 years manufacturing experience and over 85,000 successful installations with rotary screw compressor chillers around the world.\",\"potentialAction\":[{\"@type\":\"SearchAction\",\"target\":{\"@type\":\"EntryPoint\",\"urlTemplate\":\"https:\/\/dbamericas.com\/?s={search_term_string}\"},\"query-input\":{\"@type\":\"PropertyValueSpecification\",\"valueRequired\":true,\"valueName\":\"search_term_string\"}}],\"inLanguage\":\"es\"}]}<\/script>\n<!-- \/ Yoast SEO plugin. -->","yoast_head_json":{"title":"ACHX - Dunham Bush USA","robots":{"index":"index","follow":"follow","max-snippet":"max-snippet:-1","max-image-preview":"max-image-preview:large","max-video-preview":"max-video-preview:-1"},"canonical":"https:\/\/dbamericas.com\/es\/us-products\/achx\/","og_locale":"es_ES","og_type":"article","og_title":"ACHX - Dunham Bush USA","og_url":"https:\/\/dbamericas.com\/es\/us-products\/achx\/","og_site_name":"Dunham Bush USA","article_modified_time":"2025-03-17T16:10:52+00:00","twitter_card":"summary_large_image","twitter_misc":{"Est. reading time":"1 minuto"},"schema":{"@context":"https:\/\/schema.org","@graph":[{"@type":"WebPage","@id":"https:\/\/dbamericas.com\/us-products\/achx\/","url":"https:\/\/dbamericas.com\/us-products\/achx\/","name":"ACHX - Dunham Bush USA","isPartOf":{"@id":"https:\/\/dbamericas.com\/#website"},"datePublished":"2021-04-07T05:42:36+00:00","dateModified":"2025-03-17T16:10:52+00:00","breadcrumb":{"@id":"https:\/\/dbamericas.com\/us-products\/achx\/#breadcrumb"},"inLanguage":"es","potentialAction":[{"@type":"ReadAction","target":["https:\/\/dbamericas.com\/us-products\/achx\/"]}]},{"@type":"BreadcrumbList","@id":"https:\/\/dbamericas.com\/us-products\/achx\/#breadcrumb","itemListElement":[{"@type":"ListItem","position":1,"name":"Home","item":"https:\/\/dbamericas.com\/"},{"@type":"ListItem","position":2,"name":"U.S. Products","item":"https:\/\/dbamericas.com\/us-products\/"},{"@type":"ListItem","position":3,"name":"ACHX"}]},{"@type":"WebSite","@id":"https:\/\/dbamericas.com\/#website","url":"https:\/\/dbamericas.com\/","name":"Dunham Bush EE. UU.","description":"Dunham-Bush es un pionero en la industria de la climatizaci\u00f3n, con m\u00e1s de 100 a\u00f1os de experiencia en fabricaci\u00f3n y m\u00e1s de 85.000 instalaciones exitosas con enfriadoras centr\u00edfugas de tornillo en todo el mundo.","potentialAction":[{"@type":"SearchAction","target":{"@type":"EntryPoint","urlTemplate":"https:\/\/dbamericas.com\/?s={search_term_string}"},"query-input":{"@type":"PropertyValueSpecification","valueRequired":true,"valueName":"search_term_string"}}],"inLanguage":"es"}]}},"_links":{"self":[{"href":"https:\/\/dbamericas.com\/es\/wp-json\/wp\/v2\/pages\/18533","targetHints":{"allow":["GET"]}}],"collection":[{"href":"https:\/\/dbamericas.com\/es\/wp-json\/wp\/v2\/pages"}],"about":[{"href":"https:\/\/dbamericas.com\/es\/wp-json\/wp\/v2\/types\/page"}],"author":[{"embeddable":true,"href":"https:\/\/dbamericas.com\/es\/wp-json\/wp\/v2\/users\/2"}],"replies":[{"embeddable":true,"href":"https:\/\/dbamericas.com\/es\/wp-json\/wp\/v2\/comments?post=18533"}],"version-history":[{"count":12,"href":"https:\/\/dbamericas.com\/es\/wp-json\/wp\/v2\/pages\/18533\/revisions"}],"predecessor-version":[{"id":18892,"href":"https:\/\/dbamericas.com\/es\/wp-json\/wp\/v2\/pages\/18533\/revisions\/18892"}],"up":[{"embeddable":true,"href":"https:\/\/dbamericas.com\/es\/wp-json\/wp\/v2\/pages\/17999"}],"wp:attachment":[{"href":"https:\/\/dbamericas.com\/es\/wp-json\/wp\/v2\/media?parent=18533"}],"curies":[{"name":"wp","href":"https:\/\/api.w.org\/{rel}","templated":true}]}}