{"id":18307,"date":"2021-02-12T14:01:39","date_gmt":"2021-02-12T14:01:39","guid":{"rendered":"http:\/\/eric-dunham-bush.test\/?page_id=18307"},"modified":"2021-03-11T23:02:03","modified_gmt":"2021-03-12T04:02:03","slug":"ice-rink-chiller","status":"publish","type":"page","link":"https:\/\/dbamericas.com\/es\/us-products\/ice-rink-chiller\/","title":{"rendered":"Enfriadores de refrigeraci\u00f3n industrial"},"content":{"rendered":"<div class=\"wpb-content-wrapper\"><div class=\"vc_row wpb_row vc_row-fluid vc_custom_1613119908906 vc_column-gap-24 vc-row-767765\" >\n\t<div class=\"container et-clearfix\">\n\t\t<div class=\"wpb_column vc_column_container vc_col-sm-6 text-align-none\" >\n\t<div class=\"vc_column-inner\" >\n\t\t<div class=\"wpb_wrapper\">\n\t\t\t\n\t<div  class=\"wpb_single_image wpb_content_element vc_align_left wpb_content_element\">\n\t\t\n\t\t<figure class=\"wpb_wrapper vc_figure\">\n\t\t\t<div class=\"vc_single_image-wrapper   vc_box_border_grey\"><img loading=\"lazy\" decoding=\"async\" width=\"800\" height=\"600\" src=\"https:\/\/dbamericas.com\/wp-content\/uploads\/2021\/02\/Industrial-Low-Temp-Machine-Ice-Rink-Chiller.jpg\" class=\"vc_single_image-img attachment-full\" alt=\"Industrial Refrigeration Chillers\" title=\"Industrial-Low-Temp-Machine-Ice-Rink-Chiller\" data-responsive-images=\"false\" \/><\/div>\n\t\t<\/figure>\n\t<\/div>\n\t\t<\/div>\n\t\t\t<\/div>\n<\/div><div class=\"wpb_column vc_column_container vc_col-sm-6 text-align-none\" >\n\t<div class=\"vc_column-inner\" >\n\t\t<div class=\"wpb_wrapper\">\n\t\t\t<h4 class=\"et-heading text-align-left tablet-text-align-inherit mobile-text-align-inherit animate-false no-animation-type\" id=\"et-heading-565870\" data-delay=\"0\" data-mobile-font=\"inherit\" data-mobile-line-height=\"inherit\" data-tablet-landscape-font=\"inherit\" data-tablet-portrait-font=\"inherit\" data-tablet-landscape-line-height=\"inherit\" data-tablet-portrait-line-height=\"inherit\" data-parallax=\"false\" data-move=\"false\" data-coordinatex=\"0\" data-coordinatey=\"0\" data-speed=\"10\"><span class=\"text-wrapper\"><span class=\"text\">Industrial Low Temp Machine Ice Rink Chiller<\/span><\/span><\/h4>\n<div class=\"wpb_text_column wpb_content_element\"  data-animation-delay=\"0\">\n\t<div class=\"wpb_wrapper\">\n\t\t<p><strong>Industrial Low Temp Machine features:<\/strong><\/p>\n<ul>\n<li>Customized Design Chiller<\/li>\n<li>Manufactured Based on Requirement\/ Specification<\/li>\n<li>R507<\/li>\n<\/ul>\n\t<\/div>\n<\/div>\n\n\t\t<\/div>\n\t\t\t<\/div>\n<\/div>\t<\/div>\n\t\t<\/div>\n<\/div>","protected":false},"excerpt":{"rendered":"Industrial Low Temp Machine Ice Rink Chiller Industrial Low Temp Machine features: Customized Design Chiller Manufactured Based on Requirement\/ Specification R507","protected":false},"author":2,"featured_media":0,"parent":17999,"menu_order":0,"comment_status":"closed","ping_status":"closed","template":"page-vc.php","meta":{"footnotes":""},"class_list":["post-18307","page","type-page","status-publish","hentry"],"yoast_head":"<!-- This site is optimized with the Yoast SEO plugin v27.2 - https:\/\/yoast.com\/product\/yoast-seo-wordpress\/ -->\n<title>Industrial Refrigeration Chillers - Dunham Bush USA<\/title>\n<meta name=\"robots\" content=\"index, follow, max-snippet:-1, max-image-preview:large, max-video-preview:-1\" \/>\n<link rel=\"canonical\" href=\"https:\/\/dbamericas.com\/es\/us-products\/ice-rink-chiller\/\" \/>\n<meta property=\"og:locale\" content=\"es_ES\" \/>\n<meta property=\"og:type\" content=\"article\" \/>\n<meta property=\"og:title\" content=\"Industrial Refrigeration Chillers - Dunham Bush USA\" \/>\n<meta property=\"og:url\" content=\"https:\/\/dbamericas.com\/es\/us-products\/ice-rink-chiller\/\" \/>\n<meta property=\"og:site_name\" content=\"Dunham Bush USA\" \/>\n<meta property=\"article:modified_time\" content=\"2021-03-12T04:02:03+00:00\" \/>\n<meta name=\"twitter:card\" content=\"summary_large_image\" \/>\n<meta name=\"twitter:label1\" content=\"Est. reading time\" \/>\n\t<meta name=\"twitter:data1\" content=\"1 minuto\" \/>\n<script type=\"application\/ld+json\" class=\"yoast-schema-graph\">{\"@context\":\"https:\/\/schema.org\",\"@graph\":[{\"@type\":\"WebPage\",\"@id\":\"https:\/\/dbamericas.com\/us-products\/ice-rink-chiller\/\",\"url\":\"https:\/\/dbamericas.com\/us-products\/ice-rink-chiller\/\",\"name\":\"Industrial Refrigeration Chillers - Dunham Bush USA\",\"isPartOf\":{\"@id\":\"https:\/\/dbamericas.com\/#website\"},\"datePublished\":\"2021-02-12T14:01:39+00:00\",\"dateModified\":\"2021-03-12T04:02:03+00:00\",\"breadcrumb\":{\"@id\":\"https:\/\/dbamericas.com\/us-products\/ice-rink-chiller\/#breadcrumb\"},\"inLanguage\":\"es\",\"potentialAction\":[{\"@type\":\"ReadAction\",\"target\":[\"https:\/\/dbamericas.com\/us-products\/ice-rink-chiller\/\"]}]},{\"@type\":\"BreadcrumbList\",\"@id\":\"https:\/\/dbamericas.com\/us-products\/ice-rink-chiller\/#breadcrumb\",\"itemListElement\":[{\"@type\":\"ListItem\",\"position\":1,\"name\":\"Home\",\"item\":\"https:\/\/dbamericas.com\/\"},{\"@type\":\"ListItem\",\"position\":2,\"name\":\"U.S. Products\",\"item\":\"https:\/\/dbamericas.com\/us-products\/\"},{\"@type\":\"ListItem\",\"position\":3,\"name\":\"Industrial Refrigeration Chillers\"}]},{\"@type\":\"WebSite\",\"@id\":\"https:\/\/dbamericas.com\/#website\",\"url\":\"https:\/\/dbamericas.com\/\",\"name\":\"Dunham Bush USA\",\"description\":\"Dunham-Bush is a pioneer in the air conditioning industry, with over 100 years manufacturing experience and over 85,000 successful installations with rotary screw compressor chillers around the world.\",\"potentialAction\":[{\"@type\":\"SearchAction\",\"target\":{\"@type\":\"EntryPoint\",\"urlTemplate\":\"https:\/\/dbamericas.com\/?s={search_term_string}\"},\"query-input\":{\"@type\":\"PropertyValueSpecification\",\"valueRequired\":true,\"valueName\":\"search_term_string\"}}],\"inLanguage\":\"es\"}]}<\/script>\n<!-- \/ Yoast SEO plugin. -->","yoast_head_json":{"title":"Industrial Refrigeration Chillers - Dunham Bush USA","robots":{"index":"index","follow":"follow","max-snippet":"max-snippet:-1","max-image-preview":"max-image-preview:large","max-video-preview":"max-video-preview:-1"},"canonical":"https:\/\/dbamericas.com\/es\/us-products\/ice-rink-chiller\/","og_locale":"es_ES","og_type":"article","og_title":"Industrial Refrigeration Chillers - Dunham Bush USA","og_url":"https:\/\/dbamericas.com\/es\/us-products\/ice-rink-chiller\/","og_site_name":"Dunham Bush USA","article_modified_time":"2021-03-12T04:02:03+00:00","twitter_card":"summary_large_image","twitter_misc":{"Est. reading time":"1 minuto"},"schema":{"@context":"https:\/\/schema.org","@graph":[{"@type":"WebPage","@id":"https:\/\/dbamericas.com\/us-products\/ice-rink-chiller\/","url":"https:\/\/dbamericas.com\/us-products\/ice-rink-chiller\/","name":"Industrial Refrigeration Chillers - Dunham Bush USA","isPartOf":{"@id":"https:\/\/dbamericas.com\/#website"},"datePublished":"2021-02-12T14:01:39+00:00","dateModified":"2021-03-12T04:02:03+00:00","breadcrumb":{"@id":"https:\/\/dbamericas.com\/us-products\/ice-rink-chiller\/#breadcrumb"},"inLanguage":"es","potentialAction":[{"@type":"ReadAction","target":["https:\/\/dbamericas.com\/us-products\/ice-rink-chiller\/"]}]},{"@type":"BreadcrumbList","@id":"https:\/\/dbamericas.com\/us-products\/ice-rink-chiller\/#breadcrumb","itemListElement":[{"@type":"ListItem","position":1,"name":"Home","item":"https:\/\/dbamericas.com\/"},{"@type":"ListItem","position":2,"name":"U.S. Products","item":"https:\/\/dbamericas.com\/us-products\/"},{"@type":"ListItem","position":3,"name":"Industrial Refrigeration Chillers"}]},{"@type":"WebSite","@id":"https:\/\/dbamericas.com\/#website","url":"https:\/\/dbamericas.com\/","name":"Dunham Bush EE. UU.","description":"Dunham-Bush es un pionero en la industria de la climatizaci\u00f3n, con m\u00e1s de 100 a\u00f1os de experiencia en fabricaci\u00f3n y m\u00e1s de 85.000 instalaciones exitosas con enfriadoras centr\u00edfugas de tornillo en todo el mundo.","potentialAction":[{"@type":"SearchAction","target":{"@type":"EntryPoint","urlTemplate":"https:\/\/dbamericas.com\/?s={search_term_string}"},"query-input":{"@type":"PropertyValueSpecification","valueRequired":true,"valueName":"search_term_string"}}],"inLanguage":"es"}]}},"_links":{"self":[{"href":"https:\/\/dbamericas.com\/es\/wp-json\/wp\/v2\/pages\/18307","targetHints":{"allow":["GET"]}}],"collection":[{"href":"https:\/\/dbamericas.com\/es\/wp-json\/wp\/v2\/pages"}],"about":[{"href":"https:\/\/dbamericas.com\/es\/wp-json\/wp\/v2\/types\/page"}],"author":[{"embeddable":true,"href":"https:\/\/dbamericas.com\/es\/wp-json\/wp\/v2\/users\/2"}],"replies":[{"embeddable":true,"href":"https:\/\/dbamericas.com\/es\/wp-json\/wp\/v2\/comments?post=18307"}],"version-history":[{"count":4,"href":"https:\/\/dbamericas.com\/es\/wp-json\/wp\/v2\/pages\/18307\/revisions"}],"predecessor-version":[{"id":18501,"href":"https:\/\/dbamericas.com\/es\/wp-json\/wp\/v2\/pages\/18307\/revisions\/18501"}],"up":[{"embeddable":true,"href":"https:\/\/dbamericas.com\/es\/wp-json\/wp\/v2\/pages\/17999"}],"wp:attachment":[{"href":"https:\/\/dbamericas.com\/es\/wp-json\/wp\/v2\/media?parent=18307"}],"curies":[{"name":"wp","href":"https:\/\/api.w.org\/{rel}","templated":true}]}}