{"id":18225,"date":"2021-02-12T06:26:06","date_gmt":"2021-02-12T06:26:06","guid":{"rendered":"http:\/\/eric-dunham-bush.test\/?page_id=18225"},"modified":"2025-06-08T05:42:02","modified_gmt":"2025-06-08T09:42:02","slug":"wcfx-series","status":"publish","type":"page","link":"https:\/\/dbamericas.com\/es\/us-products\/wcfx-series\/","title":{"rendered":"Serie WCFX"},"content":{"rendered":"<div class=\"wpb-content-wrapper\"><div class=\"vc_row wpb_row vc_row-fluid vc_custom_1613119908906 vc_column-gap-24 vc-row-767765\" >\n\t<div class=\"container et-clearfix\">\n\t\t<div class=\"wpb_column vc_column_container vc_col-sm-6 text-align-none\" >\n\t<div class=\"vc_column-inner\" >\n\t\t<div class=\"wpb_wrapper\">\n\t\t\t\n\t<div  class=\"wpb_single_image wpb_content_element vc_align_left wpb_content_element\">\n\t\t\n\t\t<figure class=\"wpb_wrapper vc_figure\">\n\t\t\t<div class=\"vc_single_image-wrapper   vc_box_border_grey\"><img loading=\"lazy\" decoding=\"async\" width=\"800\" height=\"600\" src=\"https:\/\/dbamericas.com\/wp-content\/uploads\/2021\/02\/WCFX-E-Series-\u2013-Poseidon-Water-Cooled-Screw-Chiller.jpg\" class=\"vc_single_image-img attachment-full\" alt=\"WCFX Series\" title=\"Enfriadora de tornillo refrigerada por agua WCFX-E-Series \u2013 Poseidon\" data-responsive-images=\"false\" \/><\/div>\n\t\t<\/figure>\n\t<\/div>\n\t\t<\/div>\n\t\t\t<\/div>\n<\/div><div class=\"wpb_column vc_column_container vc_col-sm-6 text-align-none\" >\n\t<div class=\"vc_column-inner\" >\n\t\t<div class=\"wpb_wrapper\">\n\t\t\t<h4 class=\"et-heading text-align-left tablet-text-align-inherit mobile-text-align-inherit animate-false no-animation-type\" id=\"et-heading-414642\" data-delay=\"0\" data-mobile-font=\"inherit\" data-mobile-line-height=\"inherit\" data-tablet-landscape-font=\"inherit\" data-tablet-portrait-font=\"inherit\" data-tablet-landscape-line-height=\"inherit\" data-tablet-portrait-line-height=\"inherit\" data-parallax=\"false\" data-move=\"false\" data-coordinatex=\"0\" data-coordinatey=\"0\" data-speed=\"10\"><span class=\"text-wrapper\"><span class=\"text\">WCFX-E \u2013 Enfriadora de tornillo refrigerada por agua Poseidon<\/span><\/span><\/h4>\n<div class=\"wpb_text_column wpb_content_element\"  data-animation-delay=\"0\">\n\t<div class=\"wpb_wrapper\">\n\t\t<p>Capacidad de refrigeraci\u00f3n de 60 a 1000 TR (211 \u2013 3517 kW)<\/p>\n\t<\/div>\n<\/div>\n\n\n<div class=\"wpb_text_column wpb_content_element\"  data-animation-delay=\"0\">\n\t<div class=\"wpb_wrapper\">\n\t\t<p><strong>La serie WCFX-E presenta:<\/strong><\/p>\n<ul>\n<li>Serie Mejorada de Compresores de Tornillo Verticales, Silenciosos y Confiables<\/li>\n<li>Evaporador y Condensador Mejorados de Carcasa y Tubos Inundados<\/li>\n<li>Alta eficiencia y COP<\/li>\n<li>Director de BD<\/li>\n<li>Pantalla t\u00e1ctil a color<\/li>\n<li>Certificado por AHRI<\/li>\n<li>R513a<\/li>\n<li><a href=\"\/wp-content\/uploads\/2018\/09\/WCFX-EU_R134a-R513A_60Hz_MS04123A-0225_lo.pdf\" target=\"_blank\" rel=\"noopener\" class=\"catalog\">Cat\u00e1logo de Productos WCFX-E<\/a> (PDF)<\/li>\n<\/ul>\n\t<\/div>\n<\/div>\n\n\t\t<\/div>\n\t\t\t<\/div>\n<\/div>\t<\/div>\n\t\t<\/div><div class=\"vc_row wpb_row vc_row-fluid vc_custom_1613120124275 vc_column-gap-24 vc-row-667907\" >\n\t<div class=\"container et-clearfix\">\n\t\t<div class=\"wpb_column vc_column_container vc_col-sm-6 text-align-none\" >\n\t<div class=\"vc_column-inner\" >\n\t\t<div class=\"wpb_wrapper\">\n\t\t\t\n\t<div  class=\"wpb_single_image wpb_content_element vc_align_left wpb_content_element\">\n\t\t\n\t\t<figure class=\"wpb_wrapper vc_figure\">\n\t\t\t<div class=\"vc_single_image-wrapper   vc_box_border_grey\"><img loading=\"lazy\" decoding=\"async\" width=\"800\" height=\"600\" src=\"https:\/\/dbamericas.com\/wp-content\/uploads\/2021\/02\/WCFX-V-VFD-Series-\u2013-Poseidon-Water-Cooled-Screw-Chiller.jpg\" class=\"vc_single_image-img attachment-full\" alt=\"WCFX Series\" title=\"Serie WCFX-V-VFD \u2013 Enfriadora centr\u00edfuga refrigerada por agua Poseid\u00f3n\" data-responsive-images=\"false\" \/><\/div>\n\t\t<\/figure>\n\t<\/div>\n\t\t<\/div>\n\t\t\t<\/div>\n<\/div><div class=\"wpb_column vc_column_container vc_col-sm-6 text-align-none\" >\n\t<div class=\"vc_column-inner\" >\n\t\t<div class=\"wpb_wrapper\">\n\t\t\t<h4 class=\"et-heading text-align-left tablet-text-align-inherit mobile-text-align-inherit animate-false no-animation-type\" id=\"et-heading-66156\" data-delay=\"0\" data-mobile-font=\"inherit\" data-mobile-line-height=\"inherit\" data-tablet-landscape-font=\"inherit\" data-tablet-portrait-font=\"inherit\" data-tablet-landscape-line-height=\"inherit\" data-tablet-portrait-line-height=\"inherit\" data-parallax=\"false\" data-move=\"false\" data-coordinatex=\"0\" data-coordinatey=\"0\" data-speed=\"10\"><span class=\"text-wrapper\"><span class=\"text\">WCFX-V (VFD) \u2013 Enfriadora de tornillo refrigerada por agua Poseidon<\/span><\/span><\/h4>\n<div class=\"wpb_text_column wpb_content_element\"  data-animation-delay=\"0\">\n\t<div class=\"wpb_wrapper\">\n\t\t<p>Capacidad de enfriamiento de 130 a 750 TR (457 \u2013 2638 kW)<\/p>\n\t<\/div>\n<\/div>\n\n\n<div class=\"wpb_text_column wpb_content_element\"  data-animation-delay=\"0\">\n\t<div class=\"wpb_wrapper\">\n\t\t<p><strong>La serie WCFX-V presenta:<\/strong><\/p>\n<ul>\n<li>Enfriadora de tornillo de alta eficiencia<\/li>\n<li>Compresor con variador de frecuencia<\/li>\n<li>Adecuado para Aplicaciones de Edificaci\u00f3n Verde<\/li>\n<li>Panel de control t\u00e1ctil<\/li>\n<li>Aplicaciones Fiables y Flexibles<\/li>\n<li>Respetuoso con el medio ambiente<\/li>\n<li>Rendimiento mejorado e IPLV<\/li>\n<li>Certificado por AHRI<\/li>\n<li>R513a<\/li>\n<li>Folleto de producto WCFX-V, Descarga en PDF (<a class=\"catalog\" href=\"\/wp-content\/uploads\/2018\/09\/WCFX-VU_Danfoss_R134A-R513A_60Hz_MS04124A-0225D_lo-1.pdf\" target=\"_blank\" rel=\"noopener\">Ingl\u00e9s<\/a> \/ <a class=\"catalog\" href=\"\/wp-content\/uploads\/2018\/09\/WCFX-V_R134a_50-60Hz_Catalog_Spanish.pdf\" target=\"_blank\" rel=\"noopener\">Espa\u00f1ol<\/a>)<\/li>\n<\/ul>\n\t<\/div>\n<\/div>\n\n\t\t<\/div>\n\t\t\t<\/div>\n<\/div>\t<\/div>\n\t\t<\/div>\n<\/div>","protected":false},"excerpt":{"rendered":"WCFX-E \u2013 Poseidon Water Cooled Screw Chiller Cooling Capacity from 60 to 1000 RT (211 \u2013 3517 kW) The WCFX-E Series features: Improved Quiet, Reliable Series of Vertical Screw Compressors Improved Flooded Shell &amp; Tube Evaporator and Condenser High Efficiency and COP DB Director Colour Touch Screen Display AHRI Certified R513a WCFX-E Product Catalog (PDF) [...]","protected":false},"author":2,"featured_media":0,"parent":17999,"menu_order":0,"comment_status":"closed","ping_status":"closed","template":"page-vc.php","meta":{"footnotes":""},"class_list":["post-18225","page","type-page","status-publish","hentry"],"yoast_head":"<!-- This site is optimized with the Yoast SEO plugin v27.2 - https:\/\/yoast.com\/product\/yoast-seo-wordpress\/ -->\n<title>WCFX Series - Dunham Bush USA<\/title>\n<meta name=\"robots\" content=\"index, follow, max-snippet:-1, max-image-preview:large, max-video-preview:-1\" \/>\n<link rel=\"canonical\" href=\"https:\/\/dbamericas.com\/es\/us-products\/wcfx-series\/\" \/>\n<meta property=\"og:locale\" content=\"es_ES\" \/>\n<meta property=\"og:type\" content=\"article\" \/>\n<meta property=\"og:title\" content=\"WCFX Series - Dunham Bush USA\" \/>\n<meta property=\"og:url\" content=\"https:\/\/dbamericas.com\/es\/us-products\/wcfx-series\/\" \/>\n<meta property=\"og:site_name\" content=\"Dunham Bush USA\" \/>\n<meta property=\"article:modified_time\" content=\"2025-06-08T09:42:02+00:00\" \/>\n<meta name=\"twitter:card\" content=\"summary_large_image\" \/>\n<meta name=\"twitter:label1\" content=\"Est. reading time\" \/>\n\t<meta name=\"twitter:data1\" content=\"1 minuto\" \/>\n<script type=\"application\/ld+json\" class=\"yoast-schema-graph\">{\"@context\":\"https:\/\/schema.org\",\"@graph\":[{\"@type\":\"WebPage\",\"@id\":\"https:\/\/dbamericas.com\/us-products\/wcfx-series\/\",\"url\":\"https:\/\/dbamericas.com\/us-products\/wcfx-series\/\",\"name\":\"WCFX Series - Dunham Bush USA\",\"isPartOf\":{\"@id\":\"https:\/\/dbamericas.com\/#website\"},\"datePublished\":\"2021-02-12T06:26:06+00:00\",\"dateModified\":\"2025-06-08T09:42:02+00:00\",\"breadcrumb\":{\"@id\":\"https:\/\/dbamericas.com\/us-products\/wcfx-series\/#breadcrumb\"},\"inLanguage\":\"es\",\"potentialAction\":[{\"@type\":\"ReadAction\",\"target\":[\"https:\/\/dbamericas.com\/us-products\/wcfx-series\/\"]}]},{\"@type\":\"BreadcrumbList\",\"@id\":\"https:\/\/dbamericas.com\/us-products\/wcfx-series\/#breadcrumb\",\"itemListElement\":[{\"@type\":\"ListItem\",\"position\":1,\"name\":\"Home\",\"item\":\"https:\/\/dbamericas.com\/\"},{\"@type\":\"ListItem\",\"position\":2,\"name\":\"U.S. Products\",\"item\":\"https:\/\/dbamericas.com\/us-products\/\"},{\"@type\":\"ListItem\",\"position\":3,\"name\":\"WCFX Series\"}]},{\"@type\":\"WebSite\",\"@id\":\"https:\/\/dbamericas.com\/#website\",\"url\":\"https:\/\/dbamericas.com\/\",\"name\":\"Dunham Bush USA\",\"description\":\"Dunham-Bush is a pioneer in the air conditioning industry, with over 100 years manufacturing experience and over 85,000 successful installations with rotary screw compressor chillers around the world.\",\"potentialAction\":[{\"@type\":\"SearchAction\",\"target\":{\"@type\":\"EntryPoint\",\"urlTemplate\":\"https:\/\/dbamericas.com\/?s={search_term_string}\"},\"query-input\":{\"@type\":\"PropertyValueSpecification\",\"valueRequired\":true,\"valueName\":\"search_term_string\"}}],\"inLanguage\":\"es\"}]}<\/script>\n<!-- \/ Yoast SEO plugin. -->","yoast_head_json":{"title":"WCFX Series - Dunham Bush USA","robots":{"index":"index","follow":"follow","max-snippet":"max-snippet:-1","max-image-preview":"max-image-preview:large","max-video-preview":"max-video-preview:-1"},"canonical":"https:\/\/dbamericas.com\/es\/us-products\/wcfx-series\/","og_locale":"es_ES","og_type":"article","og_title":"WCFX Series - Dunham Bush USA","og_url":"https:\/\/dbamericas.com\/es\/us-products\/wcfx-series\/","og_site_name":"Dunham Bush USA","article_modified_time":"2025-06-08T09:42:02+00:00","twitter_card":"summary_large_image","twitter_misc":{"Est. reading time":"1 minuto"},"schema":{"@context":"https:\/\/schema.org","@graph":[{"@type":"WebPage","@id":"https:\/\/dbamericas.com\/us-products\/wcfx-series\/","url":"https:\/\/dbamericas.com\/us-products\/wcfx-series\/","name":"WCFX Series - Dunham Bush USA","isPartOf":{"@id":"https:\/\/dbamericas.com\/#website"},"datePublished":"2021-02-12T06:26:06+00:00","dateModified":"2025-06-08T09:42:02+00:00","breadcrumb":{"@id":"https:\/\/dbamericas.com\/us-products\/wcfx-series\/#breadcrumb"},"inLanguage":"es","potentialAction":[{"@type":"ReadAction","target":["https:\/\/dbamericas.com\/us-products\/wcfx-series\/"]}]},{"@type":"BreadcrumbList","@id":"https:\/\/dbamericas.com\/us-products\/wcfx-series\/#breadcrumb","itemListElement":[{"@type":"ListItem","position":1,"name":"Home","item":"https:\/\/dbamericas.com\/"},{"@type":"ListItem","position":2,"name":"U.S. Products","item":"https:\/\/dbamericas.com\/us-products\/"},{"@type":"ListItem","position":3,"name":"WCFX Series"}]},{"@type":"WebSite","@id":"https:\/\/dbamericas.com\/#website","url":"https:\/\/dbamericas.com\/","name":"Dunham Bush EE. UU.","description":"Dunham-Bush es un pionero en la industria de la climatizaci\u00f3n, con m\u00e1s de 100 a\u00f1os de experiencia en fabricaci\u00f3n y m\u00e1s de 85.000 instalaciones exitosas con enfriadoras centr\u00edfugas de tornillo en todo el mundo.","potentialAction":[{"@type":"SearchAction","target":{"@type":"EntryPoint","urlTemplate":"https:\/\/dbamericas.com\/?s={search_term_string}"},"query-input":{"@type":"PropertyValueSpecification","valueRequired":true,"valueName":"search_term_string"}}],"inLanguage":"es"}]}},"_links":{"self":[{"href":"https:\/\/dbamericas.com\/es\/wp-json\/wp\/v2\/pages\/18225","targetHints":{"allow":["GET"]}}],"collection":[{"href":"https:\/\/dbamericas.com\/es\/wp-json\/wp\/v2\/pages"}],"about":[{"href":"https:\/\/dbamericas.com\/es\/wp-json\/wp\/v2\/types\/page"}],"author":[{"embeddable":true,"href":"https:\/\/dbamericas.com\/es\/wp-json\/wp\/v2\/users\/2"}],"replies":[{"embeddable":true,"href":"https:\/\/dbamericas.com\/es\/wp-json\/wp\/v2\/comments?post=18225"}],"version-history":[{"count":12,"href":"https:\/\/dbamericas.com\/es\/wp-json\/wp\/v2\/pages\/18225\/revisions"}],"predecessor-version":[{"id":18943,"href":"https:\/\/dbamericas.com\/es\/wp-json\/wp\/v2\/pages\/18225\/revisions\/18943"}],"up":[{"embeddable":true,"href":"https:\/\/dbamericas.com\/es\/wp-json\/wp\/v2\/pages\/17999"}],"wp:attachment":[{"href":"https:\/\/dbamericas.com\/es\/wp-json\/wp\/v2\/media?parent=18225"}],"curies":[{"name":"wp","href":"https:\/\/api.w.org\/{rel}","templated":true}]}}