{"id":18221,"date":"2021-02-12T06:19:59","date_gmt":"2021-02-12T06:19:59","guid":{"rendered":"http:\/\/eric-dunham-bush.test\/?page_id=18221"},"modified":"2025-06-08T05:37:06","modified_gmt":"2025-06-08T09:37:06","slug":"dclc-series","status":"publish","type":"page","link":"https:\/\/dbamericas.com\/es\/us-products\/dclc-series\/","title":{"rendered":"Serie DCLC"},"content":{"rendered":"<div class=\"wpb-content-wrapper\"><div class=\"vc_row wpb_row vc_row-fluid vc_custom_1613119908906 vc_column-gap-24 vc-row-767765\" >\n\t<div class=\"container et-clearfix\">\n\t\t<div class=\"wpb_column vc_column_container vc_col-sm-6 text-align-none\" >\n\t<div class=\"vc_column-inner\" >\n\t\t<div class=\"wpb_wrapper\">\n\t\t\t\n\t<div  class=\"wpb_single_image wpb_content_element vc_align_left wpb_content_element\">\n\t\t\n\t\t<figure class=\"wpb_wrapper vc_figure\">\n\t\t\t<div class=\"vc_single_image-wrapper   vc_box_border_grey\"><img loading=\"lazy\" decoding=\"async\" width=\"800\" height=\"600\" src=\"https:\/\/dbamericas.com\/wp-content\/uploads\/2021\/02\/DCLC-M-Series-\u2013-Prometheus-Bearing-Centrifugal-Chiller.jpg\" class=\"vc_single_image-img attachment-full\" alt=\"DCLC Series\" title=\"Enfriador centr\u00edfugo DCLC-M-Series-\u2013-Prometheus-Bearing\" data-responsive-images=\"false\" \/><\/div>\n\t\t<\/figure>\n\t<\/div>\n\t\t<\/div>\n\t\t\t<\/div>\n<\/div><div class=\"wpb_column vc_column_container vc_col-sm-6 text-align-none\" >\n\t<div class=\"vc_column-inner\" >\n\t\t<div class=\"wpb_wrapper\">\n\t\t\t<h4 class=\"et-heading text-align-left tablet-text-align-inherit mobile-text-align-inherit animate-false no-animation-type\" id=\"et-heading-397375\" data-delay=\"0\" data-mobile-font=\"inherit\" data-mobile-line-height=\"inherit\" data-tablet-landscape-font=\"inherit\" data-tablet-portrait-font=\"inherit\" data-tablet-landscape-line-height=\"inherit\" data-tablet-portrait-line-height=\"inherit\" data-parallax=\"false\" data-move=\"false\" data-coordinatex=\"0\" data-coordinatey=\"0\" data-speed=\"10\"><span class=\"text-wrapper\"><span class=\"text\">DCLC-M \u2013 Chiller Centr\u00edfugo con Rodamientos Magn\u00e9ticos Prometheus<\/span><\/span><\/h4>\n<div class=\"wpb_text_column wpb_content_element\"  data-animation-delay=\"0\">\n\t<div class=\"wpb_wrapper\">\n\t\t<p>Capacidad de enfriamiento de 75 a 880 TR (264 a 3095kW)<\/p>\n\t<\/div>\n<\/div>\n\n\n<div class=\"wpb_text_column wpb_content_element\"  data-animation-delay=\"0\">\n\t<div class=\"wpb_wrapper\">\n\t\t<p><strong>El DCLC-M presenta:<\/strong><\/p>\n<ul>\n<li>Tecnolog\u00eda de Rodamientos Magn\u00e9ticos de Alta Eficiencia<\/li>\n<li>Compresor de Doble Etapa con Inversor<\/li>\n<li>Operaci\u00f3n sin aceite con menos mantenimiento<\/li>\n<li>Bajo Nivel de Ruido con Huella Compacta<\/li>\n<li>Rendimiento mejorado e IPLV<\/li>\n<li>Certificado por AHRI<\/li>\n<li>R513a<\/li>\n<li>Folleto del producto DCLC-M, Descarga en PDF (<a class=\"catalog\" href=\"\/wp-content\/uploads\/2018\/09\/DCLC-M_R134a-R513A-R1234ze_50-60Hz_MS04104G-0124_lo_0-1.pdf\" target=\"_blank\" rel=\"noopener\">Ingl\u00e9s<\/a> \/ <a class=\"catalog\" href=\"\/wp-content\/uploads\/2018\/09\/Catalogo-PROmetheusDCLC-M-50-60Hz.-Espanol.pdf\" target=\"_blank\" rel=\"noopener\">Espa\u00f1ol<\/a>)<\/li>\n<\/ul>\n\t<\/div>\n<\/div>\n\n\t\t<\/div>\n\t\t\t<\/div>\n<\/div>\t<\/div>\n\t\t<\/div><div class=\"vc_row wpb_row vc_row-fluid vc_custom_1613120124275 vc_column-gap-24 vc-row-667907\" >\n\t<div class=\"container et-clearfix\">\n\t\t<div class=\"wpb_column vc_column_container vc_col-sm-6 text-align-none\" >\n\t<div class=\"vc_column-inner\" >\n\t\t<div class=\"wpb_wrapper\">\n\t\t\t\n\t<div  class=\"wpb_single_image wpb_content_element vc_align_left wpb_content_element\">\n\t\t\n\t\t<figure class=\"wpb_wrapper vc_figure\">\n\t\t\t<div class=\"vc_single_image-wrapper   vc_box_border_grey\"><img loading=\"lazy\" decoding=\"async\" width=\"800\" height=\"600\" src=\"https:\/\/dbamericas.com\/wp-content\/uploads\/2021\/03\/dclcd600.jpg\" class=\"vc_single_image-img attachment-full\" alt=\"DCLC Series\" title=\"dclcd600\" data-responsive-images=\"false\" \/><\/div>\n\t\t<\/figure>\n\t<\/div>\n\t\t<\/div>\n\t\t\t<\/div>\n<\/div><div class=\"wpb_column vc_column_container vc_col-sm-6 text-align-none\" >\n\t<div class=\"vc_column-inner\" >\n\t\t<div class=\"wpb_wrapper\">\n\t\t\t<h4 class=\"et-heading text-align-left tablet-text-align-inherit mobile-text-align-inherit animate-false no-animation-type\" id=\"et-heading-641127\" data-delay=\"0\" data-mobile-font=\"inherit\" data-mobile-line-height=\"inherit\" data-tablet-landscape-font=\"inherit\" data-tablet-portrait-font=\"inherit\" data-tablet-landscape-line-height=\"inherit\" data-tablet-portrait-line-height=\"inherit\" data-parallax=\"false\" data-move=\"false\" data-coordinatex=\"0\" data-coordinatey=\"0\" data-speed=\"10\"><span class=\"text-wrapper\"><span class=\"text\">DCLC-D \u2013 Enfriadora Centr\u00edfuga H\u00e9rcules<\/span><\/span><\/h4>\n<div class=\"wpb_text_column wpb_content_element\"  data-animation-delay=\"0\">\n\t<div class=\"wpb_wrapper\">\n\t\t<p>Capacidad de enfriamiento de 300 a 3000 RT (1055 a 10550 kW)<\/p>\n\t<\/div>\n<\/div>\n\n\n<div class=\"wpb_text_column wpb_content_element\"  data-animation-delay=\"0\">\n\t<div class=\"wpb_wrapper\">\n\t\t<p><strong>El DCLC-D presenta:<\/strong><\/p>\n<ul>\n<li>Compresores de Doble Etapa y Alta Eficiencia<\/li>\n<li>Evaporador y Condensador de Carcasa y Tubos de Inundaci\u00f3n<\/li>\n<li>Controlador Microprocesador Avanzado<\/li>\n<li>Pantalla t\u00e1ctil a color<\/li>\n<li>VFD opcional<\/li>\n<li>Adecuado para aplicaciones de alta energ\u00eda ambiental y de almacenamiento de energ\u00eda t\u00e9rmica (TES)<\/li>\n<li>Certificado por AHRI<\/li>\n<li>R513a<\/li>\n<li><a href=\"\/wp-content\/uploads\/2018\/09\/DCLCD_R134a-513A_50-60Hz_MS04103F-1024_US-only_lo_0.pdf\" target=\"_blank\" rel=\"noopener\" class=\"catalog\">Cat\u00e1logo de productos DCLC-D<\/a> (PDF)<\/li>\n<\/ul>\n\t<\/div>\n<\/div>\n\n\t\t<\/div>\n\t\t\t<\/div>\n<\/div>\t<\/div>\n\t\t<\/div>\n<\/div>","protected":false},"excerpt":{"rendered":"DCLC-M \u2013 Prometheus Magnetic Bearing Centrifugal Chiller Cooling Capacity from 75 to 880 RT (264 to 3095kW) The DCLC-M features: High Efficiency Magnetic Bearing Technology Inverter Driven Dual-Stage Compressor Oil Free Operation with Less Maintenance Low Noise with Compact Footprint Improved Performance and IPLV AHRI Certified R513a DCLC-M Product Brochure, PDF Download (English \/ Espa\u00f1ol) [...]","protected":false},"author":2,"featured_media":0,"parent":17999,"menu_order":0,"comment_status":"closed","ping_status":"closed","template":"page-vc.php","meta":{"footnotes":""},"class_list":["post-18221","page","type-page","status-publish","hentry"],"yoast_head":"<!-- This site is optimized with the Yoast SEO plugin v27.2 - https:\/\/yoast.com\/product\/yoast-seo-wordpress\/ -->\n<title>DCLC Series - Dunham Bush USA<\/title>\n<meta name=\"robots\" content=\"index, follow, max-snippet:-1, max-image-preview:large, max-video-preview:-1\" \/>\n<link rel=\"canonical\" href=\"https:\/\/dbamericas.com\/es\/us-products\/dclc-series\/\" \/>\n<meta property=\"og:locale\" content=\"es_ES\" \/>\n<meta property=\"og:type\" content=\"article\" \/>\n<meta property=\"og:title\" content=\"DCLC Series - Dunham Bush USA\" \/>\n<meta property=\"og:url\" content=\"https:\/\/dbamericas.com\/es\/us-products\/dclc-series\/\" \/>\n<meta property=\"og:site_name\" content=\"Dunham Bush USA\" \/>\n<meta property=\"article:modified_time\" content=\"2025-06-08T09:37:06+00:00\" \/>\n<meta name=\"twitter:card\" content=\"summary_large_image\" \/>\n<meta name=\"twitter:label1\" content=\"Est. reading time\" \/>\n\t<meta name=\"twitter:data1\" content=\"1 minuto\" \/>\n<script type=\"application\/ld+json\" class=\"yoast-schema-graph\">{\"@context\":\"https:\/\/schema.org\",\"@graph\":[{\"@type\":\"WebPage\",\"@id\":\"https:\/\/dbamericas.com\/us-products\/dclc-series\/\",\"url\":\"https:\/\/dbamericas.com\/us-products\/dclc-series\/\",\"name\":\"DCLC Series - Dunham Bush USA\",\"isPartOf\":{\"@id\":\"https:\/\/dbamericas.com\/#website\"},\"datePublished\":\"2021-02-12T06:19:59+00:00\",\"dateModified\":\"2025-06-08T09:37:06+00:00\",\"breadcrumb\":{\"@id\":\"https:\/\/dbamericas.com\/us-products\/dclc-series\/#breadcrumb\"},\"inLanguage\":\"es\",\"potentialAction\":[{\"@type\":\"ReadAction\",\"target\":[\"https:\/\/dbamericas.com\/us-products\/dclc-series\/\"]}]},{\"@type\":\"BreadcrumbList\",\"@id\":\"https:\/\/dbamericas.com\/us-products\/dclc-series\/#breadcrumb\",\"itemListElement\":[{\"@type\":\"ListItem\",\"position\":1,\"name\":\"Home\",\"item\":\"https:\/\/dbamericas.com\/\"},{\"@type\":\"ListItem\",\"position\":2,\"name\":\"U.S. Products\",\"item\":\"https:\/\/dbamericas.com\/us-products\/\"},{\"@type\":\"ListItem\",\"position\":3,\"name\":\"DCLC Series\"}]},{\"@type\":\"WebSite\",\"@id\":\"https:\/\/dbamericas.com\/#website\",\"url\":\"https:\/\/dbamericas.com\/\",\"name\":\"Dunham Bush USA\",\"description\":\"Dunham-Bush is a pioneer in the air conditioning industry, with over 100 years manufacturing experience and over 85,000 successful installations with rotary screw compressor chillers around the world.\",\"potentialAction\":[{\"@type\":\"SearchAction\",\"target\":{\"@type\":\"EntryPoint\",\"urlTemplate\":\"https:\/\/dbamericas.com\/?s={search_term_string}\"},\"query-input\":{\"@type\":\"PropertyValueSpecification\",\"valueRequired\":true,\"valueName\":\"search_term_string\"}}],\"inLanguage\":\"es\"}]}<\/script>\n<!-- \/ Yoast SEO plugin. -->","yoast_head_json":{"title":"DCLC Series - Dunham Bush USA","robots":{"index":"index","follow":"follow","max-snippet":"max-snippet:-1","max-image-preview":"max-image-preview:large","max-video-preview":"max-video-preview:-1"},"canonical":"https:\/\/dbamericas.com\/es\/us-products\/dclc-series\/","og_locale":"es_ES","og_type":"article","og_title":"DCLC Series - Dunham Bush USA","og_url":"https:\/\/dbamericas.com\/es\/us-products\/dclc-series\/","og_site_name":"Dunham Bush USA","article_modified_time":"2025-06-08T09:37:06+00:00","twitter_card":"summary_large_image","twitter_misc":{"Est. reading time":"1 minuto"},"schema":{"@context":"https:\/\/schema.org","@graph":[{"@type":"WebPage","@id":"https:\/\/dbamericas.com\/us-products\/dclc-series\/","url":"https:\/\/dbamericas.com\/us-products\/dclc-series\/","name":"DCLC Series - Dunham Bush USA","isPartOf":{"@id":"https:\/\/dbamericas.com\/#website"},"datePublished":"2021-02-12T06:19:59+00:00","dateModified":"2025-06-08T09:37:06+00:00","breadcrumb":{"@id":"https:\/\/dbamericas.com\/us-products\/dclc-series\/#breadcrumb"},"inLanguage":"es","potentialAction":[{"@type":"ReadAction","target":["https:\/\/dbamericas.com\/us-products\/dclc-series\/"]}]},{"@type":"BreadcrumbList","@id":"https:\/\/dbamericas.com\/us-products\/dclc-series\/#breadcrumb","itemListElement":[{"@type":"ListItem","position":1,"name":"Home","item":"https:\/\/dbamericas.com\/"},{"@type":"ListItem","position":2,"name":"U.S. Products","item":"https:\/\/dbamericas.com\/us-products\/"},{"@type":"ListItem","position":3,"name":"DCLC Series"}]},{"@type":"WebSite","@id":"https:\/\/dbamericas.com\/#website","url":"https:\/\/dbamericas.com\/","name":"Dunham Bush EE. UU.","description":"Dunham-Bush es un pionero en la industria de la climatizaci\u00f3n, con m\u00e1s de 100 a\u00f1os de experiencia en fabricaci\u00f3n y m\u00e1s de 85.000 instalaciones exitosas con enfriadoras centr\u00edfugas de tornillo en todo el mundo.","potentialAction":[{"@type":"SearchAction","target":{"@type":"EntryPoint","urlTemplate":"https:\/\/dbamericas.com\/?s={search_term_string}"},"query-input":{"@type":"PropertyValueSpecification","valueRequired":true,"valueName":"search_term_string"}}],"inLanguage":"es"}]}},"_links":{"self":[{"href":"https:\/\/dbamericas.com\/es\/wp-json\/wp\/v2\/pages\/18221","targetHints":{"allow":["GET"]}}],"collection":[{"href":"https:\/\/dbamericas.com\/es\/wp-json\/wp\/v2\/pages"}],"about":[{"href":"https:\/\/dbamericas.com\/es\/wp-json\/wp\/v2\/types\/page"}],"author":[{"embeddable":true,"href":"https:\/\/dbamericas.com\/es\/wp-json\/wp\/v2\/users\/2"}],"replies":[{"embeddable":true,"href":"https:\/\/dbamericas.com\/es\/wp-json\/wp\/v2\/comments?post=18221"}],"version-history":[{"count":17,"href":"https:\/\/dbamericas.com\/es\/wp-json\/wp\/v2\/pages\/18221\/revisions"}],"predecessor-version":[{"id":18941,"href":"https:\/\/dbamericas.com\/es\/wp-json\/wp\/v2\/pages\/18221\/revisions\/18941"}],"up":[{"embeddable":true,"href":"https:\/\/dbamericas.com\/es\/wp-json\/wp\/v2\/pages\/17999"}],"wp:attachment":[{"href":"https:\/\/dbamericas.com\/es\/wp-json\/wp\/v2\/media?parent=18221"}],"curies":[{"name":"wp","href":"https:\/\/api.w.org\/{rel}","templated":true}]}}