{"id":15,"date":"2020-11-26T16:37:07","date_gmt":"2020-11-26T16:37:07","guid":{"rendered":"http:\/\/eric-dunham-bush.test\/?page_id=15"},"modified":"2025-04-28T19:25:03","modified_gmt":"2025-04-28T23:25:03","slug":"contact-us","status":"publish","type":"page","link":"https:\/\/dbamericas.com\/es\/contact-us\/","title":{"rendered":"Cont\u00e1ctenos"},"content":{"rendered":"<div class=\"wpb-content-wrapper\"><div class=\"vc_row wpb_row vc_row-fluid vc_column-gap-24\" >\n\t<div class=\"container et-clearfix\">\n\t\t<div class=\"wpb_column vc_column_container vc_col-sm-6 text-align-none\" >\n\t<div class=\"vc_column-inner\" >\n\t\t<div class=\"wpb_wrapper\">\n\t\t\t\n<div class=\"wpb_text_column wpb_content_element\"  data-animation-delay=\"0\">\n\t<div class=\"wpb_wrapper\">\n\t\t<h4><strong>Dunham-Bush Am\u00e9ricas<br \/>\n<em>Nos hemos mudado recientemente. Nuestra nueva direcci\u00f3n es:<\/em><\/strong><\/h4>\n<p>1800 SE 38th Ave.<br \/>\nHomestead, FL. 33035<br \/>\n<a href=\"https:\/\/www.google.com\/maps\/place\/Dunham+Bush,+1800+SE+38th+Ave,+Homestead,+FL+33035,+USA\/@25.4548273,-80.4228207,17z\/data=!3m1!4b1!4m5!3m4!1s0x88d9dd300d4af28b:0x9f396e5d2f58f11a!8m2!3d25.4548225!4d-80.420632\" target=\"_blank\" rel=\"noopener\">Clique aqu\u00ed para ver el mapa<\/a>.<\/p>\n\t<\/div>\n<\/div>\n\n\n<div class=\"wpb_text_column wpb_content_element  vc_custom_1614331382751\"  data-animation-delay=\"0\">\n\t<div class=\"wpb_wrapper\">\n\t\t<p><strong>Oficina Central:<\/strong> <a href=\"tel:+17868009999\">786-800-9999<\/a><br \/>\n<strong>Correo electr\u00f3nico<\/strong>: \u00a0\u00a0 <a href=\"mailto:info@dbamericas.com\">info@dbamericas.com<\/a><\/p>\n\t<\/div>\n<\/div>\n\n\n<div class=\"wpb_text_column wpb_content_element  vc_custom_1614333049535\"  data-animation-delay=\"0\">\n\t<div class=\"wpb_wrapper\">\n\t\t<p style=\"margin-bottom: 20px;\"><strong>Para Servicio y Garant\u00eda:<\/strong>\u00a0\u00a0<a href=\"mailto:service@dbamericas.com\">service@dbamericas.com<\/a><br \/>\nSolicitar una\u00a0<b>cotizaci\u00f3n de venta<\/b>\u00a0por favor complete el siguiente formulario:<\/p>\n\t<\/div>\n<\/div>\n\n\t\t<\/div>\n\t\t\t<\/div>\n<\/div><div class=\"wpb_column vc_column_container vc_col-sm-6 text-align-none\" >\n\t<div class=\"vc_column-inner\" >\n\t\t<div class=\"wpb_wrapper\">\n\t\t\t\n\t<div  class=\"wpb_single_image wpb_content_element vc_align_right wpb_content_element\">\n\t\t\n\t\t<figure class=\"wpb_wrapper vc_figure\">\n\t\t\t<a href=\"https:\/\/www.facebook.com\/dunhambushusa\" target=\"_blank\" class=\"vc_single_image-wrapper   vc_box_border_grey\"><img loading=\"lazy\" decoding=\"async\" width=\"214\" height=\"68\" src=\"https:\/\/dbamericas.com\/wp-content\/uploads\/2021\/01\/facebook.jpg\" class=\"vc_single_image-img attachment-full\" alt=\"Contact Us\" title=\"Facebook\" data-responsive-images=\"false\" \/><\/a>\n\t\t<\/figure>\n\t<\/div>\n\t\t<\/div>\n\t\t\t<\/div>\n<\/div>\t<\/div>\n\t\t<\/div><div class=\"vc_row wpb_row vc_row-fluid no-padding vc_column-gap-24 vc-row-795937\" >\n\t<div class=\"container et-clearfix\">\n\t\t<div class=\"wpb_column vc_column_container vc_col-sm-12 text-align-none\" >\n\t<div class=\"vc_column-inner\" >\n\t\t<div class=\"wpb_wrapper\">\n\t\t\t\n<div class=\"wpcf7 no-js\" id=\"wpcf7-f23-o1\" lang=\"en-US\" dir=\"ltr\" data-wpcf7-id=\"23\">\n<div class=\"screen-reader-response\"><p role=\"status\" aria-live=\"polite\" aria-atomic=\"true\"><\/p> <ul><\/ul><\/div>\n<form action=\"\/es\/wp-json\/wp\/v2\/pages\/15#wpcf7-f23-o1\" method=\"post\" class=\"wpcf7-form init\" aria-label=\"Contact form\" novalidate=\"novalidate\" data-status=\"init\" data-trp-original-action=\"\/es\/wp-json\/wp\/v2\/pages\/15#wpcf7-f23-o1\">\n<fieldset class=\"hidden-fields-container\"><input type=\"hidden\" name=\"_wpcf7\" value=\"23\" \/><input type=\"hidden\" name=\"_wpcf7_version\" value=\"6.1.5\" \/><input type=\"hidden\" name=\"_wpcf7_locale\" value=\"en_US\" \/><input type=\"hidden\" name=\"_wpcf7_unit_tag\" value=\"wpcf7-f23-o1\" \/><input type=\"hidden\" name=\"_wpcf7_container_post\" value=\"0\" \/><input type=\"hidden\" name=\"_wpcf7_posted_data_hash\" value=\"\" \/><input type=\"hidden\" name=\"_wpcf7_recaptcha_response\" value=\"\" \/>\n<\/fieldset>\n<div class=\"vc_col-sm-12\">\n\t<h4><b>Informaci\u00f3n de contacto<\/b>\n\t<\/h4>\n<\/div>\n<div class=\"vc_col-sm-6\">\n\t<p><label> Nombre de la compa\u00f1\u00eda:<br \/>\n<span class=\"wpcf7-form-control-wrap\" data-name=\"company-name\"><input size=\"40\" maxlength=\"400\" class=\"wpcf7-form-control wpcf7-text\" aria-invalid=\"false\" value=\"\" type=\"text\" name=\"company-name\" \/><\/span> <\/label>\n\t<\/p>\n<\/div>\n<div class=\"vc_col-sm-6\">\n\t<p><label> Nombre:<br \/>\n<span class=\"wpcf7-form-control-wrap\" data-name=\"first-name\"><input size=\"40\" maxlength=\"400\" class=\"wpcf7-form-control wpcf7-text wpcf7-validates-as-required\" aria-required=\"true\" aria-invalid=\"false\" value=\"\" type=\"text\" name=\"first-name\" \/><\/span> <\/label>\n\t<\/p>\n<\/div>\n<div class=\"vc_col-sm-6\">\n\t<p><label> Apellido:<br \/>\n<span class=\"wpcf7-form-control-wrap\" data-name=\"last-name\"><input size=\"40\" maxlength=\"400\" class=\"wpcf7-form-control wpcf7-text wpcf7-validates-as-required\" aria-required=\"true\" aria-invalid=\"false\" value=\"\" type=\"text\" name=\"last-name\" \/><\/span> <\/label>\n\t<\/p>\n<\/div>\n<div class=\"vc_col-sm-6\">\n\t<p><label> Direcci\u00f3n:<br \/>\n<span class=\"wpcf7-form-control-wrap\" data-name=\"address\"><input size=\"40\" maxlength=\"400\" class=\"wpcf7-form-control wpcf7-text\" aria-invalid=\"false\" value=\"\" type=\"text\" name=\"address\" \/><\/span> <\/label>\n\t<\/p>\n<\/div>\n<div class=\"vc_col-sm-6\">\n\t<p><label> Ciudad:<br \/>\n<span class=\"wpcf7-form-control-wrap\" data-name=\"city\"><input size=\"40\" maxlength=\"400\" class=\"wpcf7-form-control wpcf7-text\" aria-invalid=\"false\" value=\"\" type=\"text\" name=\"city\" \/><\/span> <\/label>\n\t<\/p>\n<\/div>\n<div class=\"vc_col-sm-6\">\n\t<p><label> Estado<br \/>\n<span class=\"wpcf7-form-control-wrap\" data-name=\"state\"><input size=\"40\" maxlength=\"400\" class=\"wpcf7-form-control wpcf7-text\" aria-invalid=\"false\" value=\"\" type=\"text\" name=\"state\" \/><\/span> <\/label>\n\t<\/p>\n<\/div>\n<div class=\"vc_col-sm-6\">\n\t<p><label> Pa\u00eds:<br \/>\n<span class=\"wpcf7-form-control-wrap\" data-name=\"country\"><input size=\"40\" maxlength=\"400\" class=\"wpcf7-form-control wpcf7-text\" aria-invalid=\"false\" value=\"\" type=\"text\" name=\"country\" \/><\/span> <\/label>\n\t<\/p>\n<\/div>\n<div class=\"vc_col-sm-6\">\n\t<p><label> C\u00f3digo Postal:<br \/>\n<span class=\"wpcf7-form-control-wrap\" data-name=\"zip-code\"><input size=\"40\" maxlength=\"400\" class=\"wpcf7-form-control wpcf7-text\" aria-invalid=\"false\" value=\"\" type=\"text\" name=\"zip-code\" \/><\/span> <\/label>\n\t<\/p>\n<\/div>\n<div class=\"vc_col-sm-6\">\n\t<p><label> Tel\u00e9fono:<br \/>\n<span class=\"wpcf7-form-control-wrap\" data-name=\"phone\"><input size=\"40\" maxlength=\"400\" class=\"wpcf7-form-control wpcf7-text\" aria-invalid=\"false\" value=\"\" type=\"text\" name=\"phone\" \/><\/span> <\/label>\n\t<\/p>\n<\/div>\n<div class=\"vc_col-sm-6\">\n\t<p><label> Fax:<br \/>\n<span class=\"wpcf7-form-control-wrap\" data-name=\"fax\"><input size=\"40\" maxlength=\"400\" class=\"wpcf7-form-control wpcf7-text\" aria-invalid=\"false\" value=\"\" type=\"text\" name=\"fax\" \/><\/span> <\/label>\n\t<\/p>\n<\/div>\n<div class=\"vc_col-sm-6\">\n\t<p><label> Correo electr\u00f3nico:<br \/>\n<span class=\"wpcf7-form-control-wrap\" data-name=\"your-email\"><input size=\"40\" maxlength=\"400\" class=\"wpcf7-form-control wpcf7-email wpcf7-validates-as-required wpcf7-text wpcf7-validates-as-email\" aria-required=\"true\" aria-invalid=\"false\" value=\"\" type=\"email\" name=\"your-email\" \/><\/span> <\/label>\n\t<\/p>\n<\/div>\n<div class=\"vc_col-sm-12\">\n\t<h4><b>Informaci\u00f3n del producto<\/b>\n\t<\/h4>\n<\/div>\n<div class=\"vc_col-sm-6\">\n\t<p><label> Producto de Inter\u00e9s:<br \/>\n<span class=\"wpcf7-form-control-wrap\" data-name=\"product-of-interest\"><input size=\"40\" maxlength=\"400\" class=\"wpcf7-form-control wpcf7-text\" aria-invalid=\"false\" value=\"\" type=\"text\" name=\"product-of-interest\" \/><\/span> <\/label>\n\t<\/p>\n<\/div>\n<div class=\"vc_col-sm-6\">\n\t<p><label> Nombre del Proyecto:<br \/>\n<span class=\"wpcf7-form-control-wrap\" data-name=\"project-name\"><input size=\"40\" maxlength=\"400\" class=\"wpcf7-form-control wpcf7-text\" aria-invalid=\"false\" value=\"\" type=\"text\" name=\"project-name\" \/><\/span> <\/label>\n\t<\/p>\n<\/div>\n<div class=\"vc_col-sm-6\">\n\t<p><label> Capacidad Requerida:<br \/>\n<span class=\"wpcf7-form-control-wrap\" data-name=\"capacity\"><input size=\"40\" maxlength=\"400\" class=\"wpcf7-form-control wpcf7-text\" aria-invalid=\"false\" value=\"\" type=\"text\" name=\"capacity\" \/><\/span> <\/label>\n\t<\/p>\n<\/div>\n<div class=\"vc_col-sm-6\">\n\t<p><label> Entrando al agua<br \/>\n<span class=\"wpcf7-form-control-wrap\" data-name=\"entering-water\"><input size=\"40\" maxlength=\"400\" class=\"wpcf7-form-control wpcf7-text\" aria-invalid=\"false\" value=\"\" type=\"text\" name=\"entering-water\" \/><\/span> <\/label>\n\t<\/p>\n<\/div>\n<div class=\"vc_col-sm-6\">\n\t<p><label> Temperatura:<br \/>\n<span class=\"wpcf7-form-control-wrap\" data-name=\"temperature\"><input size=\"40\" maxlength=\"400\" class=\"wpcf7-form-control wpcf7-text\" aria-invalid=\"false\" value=\"\" type=\"text\" name=\"temperature\" \/><\/span> <\/label>\n\t<\/p>\n<\/div>\n<div class=\"vc_col-sm-6\">\n\t<p><label> Dejando el agua:<br \/>\n<span class=\"wpcf7-form-control-wrap\" data-name=\"leaving-water\"><input size=\"40\" maxlength=\"400\" class=\"wpcf7-form-control wpcf7-text\" aria-invalid=\"false\" value=\"\" type=\"text\" name=\"leaving-water\" \/><\/span> <\/label>\n\t<\/p>\n<\/div>\n<div class=\"vc_col-sm-6\">\n\t<p><label> Temperatura ambiente:<br \/>\n<span class=\"wpcf7-form-control-wrap\" data-name=\"ambient-temperature\"><input size=\"40\" maxlength=\"400\" class=\"wpcf7-form-control wpcf7-text\" aria-invalid=\"false\" value=\"\" type=\"text\" name=\"ambient-temperature\" \/><\/span> <\/label>\n\t<\/p>\n<\/div>\n<div class=\"vc_col-sm-6\">\n\t<p><label> El\u00e9ctrico disponible:<br \/>\n<span class=\"wpcf7-form-control-wrap\" data-name=\"electric-available\"><input size=\"40\" maxlength=\"400\" class=\"wpcf7-form-control wpcf7-text\" aria-invalid=\"false\" value=\"\" type=\"text\" name=\"electric-available\" \/><\/span> <\/label>\n\t<\/p>\n<\/div>\n<div class=\"vc_col-sm-6\">\n\t<p><label> Comentarios \/ Opciones Requeridas:<br \/>\n<span class=\"wpcf7-form-control-wrap\" data-name=\"comments\"><input size=\"40\" maxlength=\"400\" class=\"wpcf7-form-control wpcf7-text\" aria-invalid=\"false\" value=\"\" type=\"text\" name=\"comments\" \/><\/span> <\/label>\n\t<\/p>\n<\/div>\n<div class=\"vc_col-sm-12\">\n\t<p><input class=\"wpcf7-form-control wpcf7-submit has-spinner\" type=\"submit\" value=\"Enviar\" \/>\n\t<\/p>\n<\/div><div class=\"wpcf7-response-output\" aria-hidden=\"true\"><\/div>\n<input type=\"hidden\" name=\"trp-form-language\" value=\"es\"\/><\/form>\n<\/div>\n\t\t<\/div>\n\t\t\t<\/div>\n<\/div>\t<\/div>\n\t\t<\/div>\n<\/div>","protected":false},"excerpt":{"rendered":"Dunham-Bush Americas We recently moved. Our new address is: 1800 SE 38th Ave. Homestead, Fl. 33035 Click here to view map. Main Office: 786-800-9999 Email: \u00a0\u00a0 info@dbamericas.com For Service and Warranty:\u00a0\u00a0service@dbamericas.com To request a\u00a0sales quotation\u00a0please complete the form below: Contact Information Company Name: First Name: Last Name: Address: City: State: Country: Zip Code: Phone: Fax: [...]","protected":false},"author":2,"featured_media":0,"parent":0,"menu_order":0,"comment_status":"closed","ping_status":"closed","template":"page-vc.php","meta":{"footnotes":""},"class_list":["post-15","page","type-page","status-publish","hentry"],"yoast_head":"<!-- This site is optimized with the Yoast SEO plugin v27.2 - https:\/\/yoast.com\/product\/yoast-seo-wordpress\/ -->\n<title>Contact Us - Dunham Bush USA<\/title>\n<meta name=\"robots\" content=\"index, follow, max-snippet:-1, max-image-preview:large, max-video-preview:-1\" \/>\n<link rel=\"canonical\" href=\"https:\/\/dbamericas.com\/es\/contact-us\/\" \/>\n<meta property=\"og:locale\" content=\"es_ES\" \/>\n<meta property=\"og:type\" content=\"article\" \/>\n<meta property=\"og:title\" content=\"Contact Us - Dunham Bush USA\" \/>\n<meta property=\"og:url\" content=\"https:\/\/dbamericas.com\/es\/contact-us\/\" \/>\n<meta property=\"og:site_name\" content=\"Dunham Bush USA\" \/>\n<meta property=\"article:modified_time\" content=\"2025-04-28T23:25:03+00:00\" \/>\n<meta name=\"twitter:card\" content=\"summary_large_image\" \/>\n<meta name=\"twitter:label1\" content=\"Est. reading time\" \/>\n\t<meta name=\"twitter:data1\" content=\"1 minuto\" \/>\n<script type=\"application\/ld+json\" class=\"yoast-schema-graph\">{\"@context\":\"https:\/\/schema.org\",\"@graph\":[{\"@type\":\"WebPage\",\"@id\":\"https:\/\/dbamericas.com\/contact-us\/\",\"url\":\"https:\/\/dbamericas.com\/contact-us\/\",\"name\":\"Contact Us - Dunham Bush USA\",\"isPartOf\":{\"@id\":\"https:\/\/dbamericas.com\/#website\"},\"datePublished\":\"2020-11-26T16:37:07+00:00\",\"dateModified\":\"2025-04-28T23:25:03+00:00\",\"breadcrumb\":{\"@id\":\"https:\/\/dbamericas.com\/contact-us\/#breadcrumb\"},\"inLanguage\":\"es\",\"potentialAction\":[{\"@type\":\"ReadAction\",\"target\":[\"https:\/\/dbamericas.com\/contact-us\/\"]}]},{\"@type\":\"BreadcrumbList\",\"@id\":\"https:\/\/dbamericas.com\/contact-us\/#breadcrumb\",\"itemListElement\":[{\"@type\":\"ListItem\",\"position\":1,\"name\":\"Home\",\"item\":\"https:\/\/dbamericas.com\/\"},{\"@type\":\"ListItem\",\"position\":2,\"name\":\"Contact Us\"}]},{\"@type\":\"WebSite\",\"@id\":\"https:\/\/dbamericas.com\/#website\",\"url\":\"https:\/\/dbamericas.com\/\",\"name\":\"Dunham Bush USA\",\"description\":\"Dunham-Bush is a pioneer in the air conditioning industry, with over 100 years manufacturing experience and over 85,000 successful installations with rotary screw compressor chillers around the world.\",\"potentialAction\":[{\"@type\":\"SearchAction\",\"target\":{\"@type\":\"EntryPoint\",\"urlTemplate\":\"https:\/\/dbamericas.com\/?s={search_term_string}\"},\"query-input\":{\"@type\":\"PropertyValueSpecification\",\"valueRequired\":true,\"valueName\":\"search_term_string\"}}],\"inLanguage\":\"es\"}]}<\/script>\n<!-- \/ Yoast SEO plugin. -->","yoast_head_json":{"title":"Contact Us - Dunham Bush USA","robots":{"index":"index","follow":"follow","max-snippet":"max-snippet:-1","max-image-preview":"max-image-preview:large","max-video-preview":"max-video-preview:-1"},"canonical":"https:\/\/dbamericas.com\/es\/contact-us\/","og_locale":"es_ES","og_type":"article","og_title":"Contact Us - Dunham Bush USA","og_url":"https:\/\/dbamericas.com\/es\/contact-us\/","og_site_name":"Dunham Bush USA","article_modified_time":"2025-04-28T23:25:03+00:00","twitter_card":"summary_large_image","twitter_misc":{"Est. reading time":"1 minuto"},"schema":{"@context":"https:\/\/schema.org","@graph":[{"@type":"WebPage","@id":"https:\/\/dbamericas.com\/contact-us\/","url":"https:\/\/dbamericas.com\/contact-us\/","name":"Contact Us - Dunham Bush USA","isPartOf":{"@id":"https:\/\/dbamericas.com\/#website"},"datePublished":"2020-11-26T16:37:07+00:00","dateModified":"2025-04-28T23:25:03+00:00","breadcrumb":{"@id":"https:\/\/dbamericas.com\/contact-us\/#breadcrumb"},"inLanguage":"es","potentialAction":[{"@type":"ReadAction","target":["https:\/\/dbamericas.com\/contact-us\/"]}]},{"@type":"BreadcrumbList","@id":"https:\/\/dbamericas.com\/contact-us\/#breadcrumb","itemListElement":[{"@type":"ListItem","position":1,"name":"Home","item":"https:\/\/dbamericas.com\/"},{"@type":"ListItem","position":2,"name":"Contact Us"}]},{"@type":"WebSite","@id":"https:\/\/dbamericas.com\/#website","url":"https:\/\/dbamericas.com\/","name":"Dunham Bush EE. UU.","description":"Dunham-Bush es un pionero en la industria de la climatizaci\u00f3n, con m\u00e1s de 100 a\u00f1os de experiencia en fabricaci\u00f3n y m\u00e1s de 85.000 instalaciones exitosas con enfriadoras centr\u00edfugas de tornillo en todo el mundo.","potentialAction":[{"@type":"SearchAction","target":{"@type":"EntryPoint","urlTemplate":"https:\/\/dbamericas.com\/?s={search_term_string}"},"query-input":{"@type":"PropertyValueSpecification","valueRequired":true,"valueName":"search_term_string"}}],"inLanguage":"es"}]}},"_links":{"self":[{"href":"https:\/\/dbamericas.com\/es\/wp-json\/wp\/v2\/pages\/15","targetHints":{"allow":["GET"]}}],"collection":[{"href":"https:\/\/dbamericas.com\/es\/wp-json\/wp\/v2\/pages"}],"about":[{"href":"https:\/\/dbamericas.com\/es\/wp-json\/wp\/v2\/types\/page"}],"author":[{"embeddable":true,"href":"https:\/\/dbamericas.com\/es\/wp-json\/wp\/v2\/users\/2"}],"replies":[{"embeddable":true,"href":"https:\/\/dbamericas.com\/es\/wp-json\/wp\/v2\/comments?post=15"}],"version-history":[{"count":26,"href":"https:\/\/dbamericas.com\/es\/wp-json\/wp\/v2\/pages\/15\/revisions"}],"predecessor-version":[{"id":18915,"href":"https:\/\/dbamericas.com\/es\/wp-json\/wp\/v2\/pages\/15\/revisions\/18915"}],"wp:attachment":[{"href":"https:\/\/dbamericas.com\/es\/wp-json\/wp\/v2\/media?parent=15"}],"curies":[{"name":"wp","href":"https:\/\/api.w.org\/{rel}","templated":true}]}}